{"id":832,"date":"2021-02-10T11:29:52","date_gmt":"2021-02-10T11:29:52","guid":{"rendered":"http:\/\/nuevo.solernaharro.com\/indemnizacion-por-fallecimiento\/"},"modified":"2021-09-02T09:45:15","modified_gmt":"2021-09-02T09:45:15","slug":"indemnitzacio-per-defuncio","status":"publish","type":"page","link":"https:\/\/solernaharro.com\/ca\/indemnitzacio-per-defuncio\/","title":{"rendered":"Indemnitzaci\u00f3 per Defunci\u00f3"},"content":{"rendered":"<p>[vc_row css_animation=&#8221;&#8221; row_type=&#8221;row&#8221; use_row_as_full_screen_section=&#8221;no&#8221; type=&#8221;grid&#8221; angled_section=&#8221;no&#8221; text_align=&#8221;left&#8221; background_image_as_pattern=&#8221;without_pattern&#8221; z_index=&#8221;&#8221; background_color=&#8221;#000000&#8243; padding_top=&#8221;0&#8243; padding_bottom=&#8221;0&#8243;][vc_column offset=&#8221;vc_hidden-sm vc_hidden-xs&#8221;][vc_empty_space height=&#8221;20px&#8221; css=&#8221;.vc_custom_1612886833805{margin-top: 0px !important;margin-right: 0px !important;margin-bottom: 0px !important;margin-left: 0px !important;padding-top: 0px !important;padding-right: 0px !important;padding-bottom: 0px !important;padding-left: 0px !important;}&#8221;][vc_raw_html]JTNDaDElMjBjbGFzcyUzRCUyMnRpdHVsb3NlcnZpY2lvJTIyJTNFSW5kZW1uaXR6YWNpJUMzJUIzJTIwcGVyJTIwRGVmdW5jaSVDMyVCMyUyMCUzQyUyRmgxJTNFJTNDcCUyMGNsYXNzJTNEJTIyY2xhdmUlMjIlM0UlM0NpbWclMjBjbGFzcyUzRCUyMmltZ2gxJTIyJTIwc3JjJTNEJTIyJTJGd3AtY29udGVudCUyRnVwbG9hZHMlMkYyMDIxJTJGMDglMkZkcnktdHJlZS5wbmclMjIlMjAlNUMlM0UlM0MlMkZwJTNF[\/vc_raw_html][vc_empty_space height=&#8221;20px&#8221; css=&#8221;.vc_custom_1612886833805{margin-top: 0px !important;margin-right: 0px !important;margin-bottom: 0px !important;margin-left: 0px !important;padding-top: 0px !important;padding-right: 0px !important;padding-bottom: 0px !important;padding-left: 0px !important;}&#8221;][\/vc_column][\/vc_row][vc_row css_animation=&#8221;&#8221; row_type=&#8221;row&#8221; use_row_as_full_screen_section=&#8221;no&#8221; type=&#8221;grid&#8221; angled_section=&#8221;no&#8221; text_align=&#8221;center&#8221; background_image_as_pattern=&#8221;without_pattern&#8221; z_index=&#8221;&#8221; background_color=&#8221;#000000&#8243; padding_top=&#8221;0&#8243; padding_bottom=&#8221;0&#8243; el_class=&#8221;tituloservicio2&#8243;][vc_column offset=&#8221;vc_hidden-lg vc_hidden-md&#8221;][vc_empty_space height=&#8221;20px&#8221; css=&#8221;.vc_custom_1612886833805{margin-top: 0px !important;margin-right: 0px !important;margin-bottom: 0px !important;margin-left: 0px !important;padding-top: 0px !important;padding-right: 0px !important;padding-bottom: 0px !important;padding-left: 0px !important;}&#8221;][vc_raw_html]JTNDaDElMjBjbGFzcyUzRCUyMnRpdHVsb3NlcnZpY2lvJTIyJTNFSW5kZW1uaXR6YWNpJUMzJUIzJTIwcGVyJTIwRGVmdW5jaSVDMyVCMyUyMCUzQyUyRmgxJTNFJTNDcCUyMGNsYXNzJTNEJTIyY2xhdmUlMjIlM0UlM0NpbWclMjBjbGFzcyUzRCUyMmltZ2gxJTIyJTIwc3JjJTNEJTIyJTJGd3AtY29udGVudCUyRnVwbG9hZHMlMkYyMDIxJTJGMDglMkZkcnktdHJlZS5wbmclMjIlMjAlNUMlM0UlM0MlMkZwJTNF[\/vc_raw_html][vc_empty_space height=&#8221;20px&#8221; css=&#8221;.vc_custom_1612886833805{margin-top: 0px !important;margin-right: 0px !important;margin-bottom: 0px !important;margin-left: 0px !important;padding-top: 0px !important;padding-right: 0px !important;padding-bottom: 0px !important;padding-left: 0px !important;}&#8221;][\/vc_column][\/vc_row][vc_row css_animation=&#8221;&#8221; row_type=&#8221;row&#8221; use_row_as_full_screen_section=&#8221;no&#8221; type=&#8221;grid&#8221; angled_section=&#8221;no&#8221; text_align=&#8221;left&#8221; background_image_as_pattern=&#8221;without_pattern&#8221; usi_row_as_full_screen_section=&#8221;no&#8221; z_index=&#8221;&#8221; padding_top=&#8221;60&#8243; padding_bottom=&#8221;50&#8243;][vc_column][vc_column_text]Veure&#8217;s embolicat en un accident de circulaci\u00f3 \u00e9s un dels tr\u00e0ngols m\u00e9s desagradables que pot viure qualsevol persona. Molt m\u00e9s si el resultat \u00e9s la mort d&#8217;algun dels implicats en el sinistre. Si a vost\u00e8 li ha tocat viure aquesta nefasta experi\u00e8ncia i ha perdut a algun familiar, pot ser beneficiari d&#8217;una <strong>indemnitzaci\u00f3 per defunci\u00f3 en accident de circulaci\u00f3<\/strong>. <strong><span style=\"color: #710000;\">Vol con\u00e8ixer els seus drets? <\/span><\/strong>[\/vc_column_text][vc_empty_space height=&#8221;20px&#8221;][vc_column_text]En el nostre despatx portem <strong><span style=\"color: #710000;\">m\u00e9s de vint anys<\/span> treballant en l&#8217;assessorament integral d&#8217;accidents de tr\u00e0nsit<\/strong>. Deixi l&#8217;assumpte a les nostres mans i farem valer tots els seus drets com <strong>perjudicat per la defunci\u00f3 en accident de tr\u00e0nsit d&#8217;un familiar<\/strong>. En una primera visita, valorarem la seva situaci\u00f3 personal i la relaci\u00f3 amb la v\u00edctima, perqu\u00e8 la indemnitzaci\u00f3 per defunci\u00f3 \u00e9s diferent segons correspongui al c\u00f2njuge vidu, als fills o a altres familiars.[\/vc_column_text][\/vc_column][\/vc_row][vc_row css_animation=&#8221;&#8221; row_type=&#8221;row&#8221; use_row_as_full_screen_section=&#8221;no&#8221; type=&#8221;grid&#8221; angled_section=&#8221;no&#8221; text_align=&#8221;left&#8221; background_image_as_pattern=&#8221;without_pattern&#8221; usi_row_as_full_screen_section=&#8221;no&#8221; z_index=&#8221;&#8221;][vc_column el_class=&#8221;servicios2&#8243;][vc_row_inner row_type=&#8221;row&#8221; type=&#8221;full_width&#8221; text_align=&#8221;left&#8221; css_animation=&#8221;&#8221;][vc_column_inner width=&#8221;5\/12&#8243; css=&#8221;.vc_custom_1612885936837{padding-top: 40px !important;padding-right: 40px !important;padding-bottom: 40px !important;padding-left: 40px !important;}&#8221;]<div id=\"mpc_icon_list-1969ee53850d850\" class=\"mpc-icon-list mpc-init mpc-icon--left mpc-typography--preset_0 \"><ul class=\"mpc-list__ul\"><li class=\"mpc-list__item mpc-parent-hover mpc-transition\" data-index=\"0\"><div class=\"mpc-list__icon\"><div data-id=\"mpc_icon-3869ee53850db7b\" class=\"mpc-icon mpc-init mpc-transition mpc-effect-none mpc-icon--image \"><div class=\"mpc-icon-wrap\"><i class=\"mpc-icon-part mpc-regular mpc-transition \"><img loading=\"lazy\" decoding=\"async\" width=\"44\" height=\"46\" src=\"https:\/\/solernaharro.com\/wp-content\/uploads\/2021\/02\/punto.jpg\" class=\"attachment-full\" alt=\"\" \/><\/i><\/div><\/div><\/div><span class=\"mpc-list__title\">Defensem els seus interessos<\/span><\/li><li class=\"mpc-list__item mpc-parent-hover mpc-transition\" data-index=\"1\"><div class=\"mpc-list__icon\"><div data-id=\"mpc_icon-3869ee53850db7b\" class=\"mpc-icon mpc-init mpc-transition mpc-effect-none mpc-icon--image \"><div class=\"mpc-icon-wrap\"><i class=\"mpc-icon-part mpc-regular mpc-transition \"><img loading=\"lazy\" decoding=\"async\" width=\"44\" height=\"46\" src=\"https:\/\/solernaharro.com\/wp-content\/uploads\/2021\/02\/punto.jpg\" class=\"attachment-full\" alt=\"\" \/><\/i><\/div><\/div><\/div><span class=\"mpc-list__title\">No treballem amb companyies d'assegurances<\/span><\/li><li class=\"mpc-list__item mpc-parent-hover mpc-transition\" data-index=\"2\"><div class=\"mpc-list__icon\"><div data-id=\"mpc_icon-3869ee53850db7b\" class=\"mpc-icon mpc-init mpc-transition mpc-effect-none mpc-icon--image \"><div class=\"mpc-icon-wrap\"><i class=\"mpc-icon-part mpc-regular mpc-transition \"><img loading=\"lazy\" decoding=\"async\" width=\"44\" height=\"46\" src=\"https:\/\/solernaharro.com\/wp-content\/uploads\/2021\/02\/punto.jpg\" class=\"attachment-full\" alt=\"\" \/><\/i><\/div><\/div><\/div><span class=\"mpc-list__title\">Tractarem d'arribar a un acord que satisfaci tots els seus drets<\/span><\/li><li class=\"mpc-list__item mpc-parent-hover mpc-transition\" data-index=\"3\"><div class=\"mpc-list__icon\"><div data-id=\"mpc_icon-3869ee53850db7b\" class=\"mpc-icon mpc-init mpc-transition mpc-effect-none mpc-icon--image \"><div class=\"mpc-icon-wrap\"><i class=\"mpc-icon-part mpc-regular mpc-transition \"><img loading=\"lazy\" decoding=\"async\" width=\"44\" height=\"46\" src=\"https:\/\/solernaharro.com\/wp-content\/uploads\/2021\/02\/punto.jpg\" class=\"attachment-full\" alt=\"\" \/><\/i><\/div><\/div><\/div><span class=\"mpc-list__title\">Nom\u00e9s cobrem si vost\u00e8 cobra<\/span><\/li><\/ul><\/div>[\/vc_column_inner][vc_column_inner width=&#8221;7\/12&#8243; css=&#8221;.vc_custom_1612956236813{background-image: url(http:\/\/solernaharro.com\/wp-content\/uploads\/2021\/02\/single-lonely-tree-in-field-in-foggy-field-and-grey-sky.jpg?aneu=651) !important;background-position: center !important;background-repeat: no-repeat !important;background-size: cover !important;}&#8221;][vc_empty_space height=&#8221;300px&#8221;][vc_empty_space height=&#8221;50px&#8221;][vc_empty_space height=&#8221;60px&#8221;][\/vc_column_inner][\/vc_row_inner][\/vc_column][\/vc_row][vc_row css_animation=&#8221;&#8221; row_type=&#8221;row&#8221; use_row_as_full_screen_section=&#8221;no&#8221; type=&#8221;grid&#8221; angled_section=&#8221;no&#8221; text_align=&#8221;left&#8221; background_image_as_pattern=&#8221;without_pattern&#8221; usi_row_as_full_screen_section=&#8221;no&#8221; z_index=&#8221;&#8221; padding_top=&#8221;60&#8243; padding_bottom=&#8221;50&#8243;][vc_column][vc_column_text]En qualsevol cas, a Soler Naharro destaquem per portar aquest tipus d&#8217;assumptes amb la <strong>major discreci\u00f3, amb serietat i, sobretot, amb una calidesa humana que entenem necess\u00e0ria en uns moments d&#8217;absolut dolor<\/strong>. Per aix\u00f2 recomanem oblidar-se de paperassa i tr\u00e0mits burocr\u00e0tics i confiar aquestes gestions al nostre despatx. Tingui en compte que <strong>la indemnitzaci\u00f3 per defunci\u00f3 \u00e9s una de les m\u00e9s complexes<\/strong> en el barem d&#8217;accidents de circulaci\u00f3 actual i nom\u00e9s ha d&#8217;estudiar-se amb ple coneixement de causa.[\/vc_column_text][\/vc_column][\/vc_row][vc_row css_animation=&#8221;&#8221; row_type=&#8221;row&#8221; use_row_as_full_screen_section=&#8221;no&#8221; type=&#8221;grid&#8221; angled_section=&#8221;no&#8221; text_align=&#8221;left&#8221; background_image_as_pattern=&#8221;without_pattern&#8221; usi_row_as_full_screen_section=&#8221;no&#8221; z_index=&#8221;&#8221; css=&#8221;.vc_custom_1612887507678{margin-right: 0px !important;margin-left: 0px !important;padding-right: 0px !important;padding-left: 0px !important;}&#8221;][vc_column width=&#8221;7\/12&#8243;][vc_column_text]Una vegada valorada la situaci\u00f3 i calculada la indemnitzaci\u00f3 per defunci\u00f3 que correspongui, ens posarem en contacte amb les asseguradores i <strong>tractarem d&#8217;arribar a un acord que satisfaci tots els seus drets<\/strong>. <strong>En cas contrari, recorrerem als Jutjats si cal<\/strong>. <span style=\"color: #710000;\"><strong>No treballem amb companyies d&#8217;assegurances<\/strong><\/span>, per la qual cosa en tot moment defensarem els seus interessos per damunt qualssevol altres.[\/vc_column_text][vc_empty_space height=&#8221;40px&#8221;][vc_single_image image=&#8221;638&#8243; img_size=&#8221;full&#8221; alignment=&#8221;center&#8221; qode_css_animation=&#8221;&#8221;][vc_empty_space height=&#8221;40px&#8221;][vc_row_inner row_type=&#8221;row&#8221; type=&#8221;full_width&#8221; text_align=&#8221;left&#8221; css_animation=&#8221;&#8221;][vc_column_inner el_class=&#8221;servicios2&#8243; css=&#8221;.vc_custom_1612887283386{padding-top: 40px !important;padding-right: 40px !important;padding-bottom: 40px !important;padding-left: 40px !important;}&#8221;][vc_column_text]<span style=\"color: #710000;\"><strong>Si t\u00e9 dubtes sobre el seu dret a una indemnitzaci\u00f3 <\/strong><\/span> <strong> per defunci\u00f3 provocada per accident de tr\u00e0nsit, vingui al nostre despatx. No cobrarem fins que vost\u00e8 no rebi la seva compensaci\u00f3: aix\u00ed d&#8217;assegurances estem de la qualitat dels nostres serveis. La nostra ajuda \u00e9s a les seves mans, <span style=\"color: #710000;\">l&#8217;accepta?<\/span><\/strong>[\/vc_column_text][\/vc_column_inner][\/vc_row_inner][vc_empty_space height=&#8221;50px&#8221;][\/vc_column][vc_column width=&#8221;1\/12&#8243;][\/vc_column][vc_column width=&#8221;1\/3&#8243; css=&#8221;.vc_custom_1612887514186{margin-right: 0px !important;margin-left: 0px !important;padding-right: 0px !important;padding-left: 0px !important;}&#8221;][vc_column_text]<\/p>\n<p class=\"tituloform\" style=\"text-align: center;\"><span style=\"color: #710000;\">Ens explica el seu cas?<\/span><\/p>\n<p>[\/vc_column_text][vc_empty_space height=&#8221;20px&#8221; css=&#8221;.vc_custom_1612886833805{margin-top: 0px !important;margin-right: 0px !important;margin-bottom: 0px !important;margin-left: 0px !important;padding-top: 0px !important;padding-right: 0px !important;padding-bottom: 0px !important;padding-left: 0px !important;}&#8221;][vc_empty_space height=&#8221;20px&#8221; css=&#8221;.vc_custom_1612886833805{margin-top: 0px !important;margin-right: 0px !important;margin-bottom: 0px !important;margin-left: 0px !important;padding-top: 0px !important;padding-right: 0px !important;padding-bottom: 0px !important;padding-left: 0px !important;}&#8221;][vc_row_inner row_type=&#8221;row&#8221; type=&#8221;full_width&#8221; text_align=&#8221;left&#8221; css_animation=&#8221;&#8221; css=&#8221;.vc_custom_1612887745290{margin-right: 0px !important;margin-left: 0px !important;}&#8221;][vc_column_inner css=&#8221;.vc_custom_1612887657447{padding-top: 30px !important;padding-right: 30px !important;padding-bottom: 30px !important;padding-left: 30px !important;background-color: #cfcfcf !important;}&#8221;]\n<div class=\"wpcf7 no-js\" id=\"wpcf7-f842-o1\" lang=\"es-ES\" dir=\"ltr\" data-wpcf7-id=\"842\">\n<div class=\"screen-reader-response\"><p role=\"status\" aria-live=\"polite\" aria-atomic=\"true\"><\/p> <ul><\/ul><\/div>\n<form action=\"\/ca\/wp-json\/wp\/v2\/pages\/832#wpcf7-f842-o1\" method=\"post\" class=\"wpcf7-form init default\" aria-label=\"Formulario de contacto\" novalidate=\"novalidate\" data-status=\"init\">\n<fieldset class=\"hidden-fields-container\"><input type=\"hidden\" name=\"_wpcf7\" value=\"842\" \/><input type=\"hidden\" name=\"_wpcf7_version\" value=\"6.1.1\" \/><input type=\"hidden\" name=\"_wpcf7_locale\" value=\"es_ES\" \/><input type=\"hidden\" name=\"_wpcf7_unit_tag\" value=\"wpcf7-f842-o1\" \/><input type=\"hidden\" name=\"_wpcf7_container_post\" value=\"0\" \/><input type=\"hidden\" name=\"_wpcf7_posted_data_hash\" value=\"\" \/><input type=\"hidden\" name=\"_wpcf7_recaptcha_response\" value=\"\" \/>\n<\/fieldset>\n<p><span class=\"wpcf7-form-control-wrap\" data-name=\"your-name\"><input size=\"40\" maxlength=\"400\" class=\"wpcf7-form-control wpcf7-text wpcf7-validates-as-required\" aria-required=\"true\" aria-invalid=\"false\" placeholder=\"Nom i Cognoms\" value=\"\" type=\"text\" name=\"your-name\" \/><\/span><br \/>\n<span class=\"wpcf7-form-control-wrap\" data-name=\"your-email\"><input size=\"40\" maxlength=\"400\" class=\"wpcf7-form-control wpcf7-email wpcf7-validates-as-required wpcf7-text wpcf7-validates-as-email\" aria-required=\"true\" aria-invalid=\"false\" placeholder=\"Email\" value=\"\" type=\"email\" name=\"your-email\" \/><\/span><br \/>\n<span class=\"wpcf7-form-control-wrap\" data-name=\"your-subject\"><input size=\"40\" maxlength=\"400\" class=\"wpcf7-form-control wpcf7-text wpcf7-validates-as-required\" aria-required=\"true\" aria-invalid=\"false\" placeholder=\"Tel\u00e8fon\" value=\"\" type=\"text\" name=\"your-subject\" \/><\/span>\n<\/p>\n<p><span class=\"wpcf7-form-control-wrap\" data-name=\"your-message\"><textarea cols=\"40\" rows=\"10\" maxlength=\"2000\" class=\"wpcf7-form-control wpcf7-textarea\" aria-invalid=\"false\" placeholder=\"En qu\u00e8 podem ajudar-te?\" name=\"your-message\"><\/textarea><\/span>\n<\/p>\n<div class=\"int\">\n\t<p><input class=\"wpcf7-form-control wpcf7-submit has-spinner\" type=\"submit\" value=\"Rebre informaci\u00f3\" \/>\n\t<\/p>\n<\/div>\n<div style=\"padding-top:20px;\">\n\t<p><span class=\"wpcf7-form-control-wrap\" data-name=\"acceptance-130\"><span class=\"wpcf7-form-control wpcf7-acceptance optional\"><span class=\"wpcf7-list-item\"><label><input type=\"checkbox\" name=\"acceptance-130\" value=\"1\" aria-invalid=\"false\" \/><span class=\"wpcf7-list-item-label\"><span style=\"font-size:14px\">Accepto la <a href=\"\/ca\/avis-legal\/\" target=\"_blank\">pol\u00edtica de privacitat<\/a><\/span><\/span><\/label><\/span><\/span><\/span>\n\t<\/p>\n<\/div><div class=\"wpcf7-response-output\" aria-hidden=\"true\"><\/div>\n<\/form>\n<\/div>\n[\/vc_column_inner][\/vc_row_inner][vc_empty_space css=&#8221;.vc_custom_1612886661116{margin-top: 0px !important;margin-right: 0px !important;margin-bottom: 0px !important;margin-left: 0px !important;padding-top: 0px !important;padding-right: 0px !important;padding-bottom: 0px !important;padding-left: 0px !important;background-color: #a8a8a8 !important;}&#8221;][\/vc_column][\/vc_row][vc_row css_animation=&#8221;&#8221; row_type=&#8221;row&#8221; use_row_as_full_screen_section=&#8221;no&#8221; type=&#8221;grid&#8221; angled_section=&#8221;no&#8221; text_align=&#8221;left&#8221; background_image_as_pattern=&#8221;without_pattern&#8221; usi_row_as_full_screen_section=&#8221;no&#8221; z_index=&#8221;&#8221;][vc_column][vc_empty_space height=&#8221;50px&#8221;][\/vc_column][\/vc_row]<\/p>\n","protected":false},"excerpt":{"rendered":"<p>[vc_row css_animation=&#8221;&#8221; row_type=&#8221;row&#8221; use_row_as_full_screen_section=&#8221;no&#8221; type=&#8221;grid&#8221; angled_section=&#8221;no&#8221; text_align=&#8221;left&#8221; background_image_as_pattern=&#8221;without_pattern&#8221; z_index=&#8221;&#8221; background_color=&#8221;#000000&#8243; padding_top=&#8221;0&#8243; padding_bottom=&#8221;0&#8243;][vc_column offset=&#8221;vc_hidden-sm vc_hidden-xs&#8221;][vc_empty_space height=&#8221;20px&#8221; css=&#8221;.vc_custom_1612886833805{margin-top: 0px !important;margin-right: 0px !important;margin-bottom: 0px !important;margin-left: 0px !important;padding-top: 0px !important;padding-right: 0px !important;padding-bottom: 0px !important;padding-left: 0px !important;}&#8221;][vc_raw_html]JTNDaDElMjBjbGFzcyUzRCUyMnRpdHVsb3NlcnZpY2lvJTIyJTNFSW5kZW1uaXR6YWNpJUMzJUIzJTIwcGVyJTIwRGVmdW5jaSVDMyVCMyUyMCUzQyUyRmgxJTNFJTNDcCUyMGNsYXNzJTNEJTIyY2xhdmUlMjIlM0UlM0NpbWclMjBjbGFzcyUzRCUyMmltZ2gxJTIyJTIwc3JjJTNEJTIyJTJGd3AtY29udGVudCUyRnVwbG9hZHMlMkYyMDIxJTJGMDglMkZkcnktdHJlZS5wbmclMjIlMjAlNUMlM0UlM0MlMkZwJTNF[\/vc_raw_html][vc_empty_space height=&#8221;20px&#8221; css=&#8221;.vc_custom_1612886833805{margin-top: 0px !important;margin-right: 0px !important;margin-bottom: 0px !important;margin-left: 0px !important;padding-top: 0px !important;padding-right: 0px<\/p>\n","protected":false},"author":1,"featured_media":0,"parent":0,"menu_order":0,"comment_status":"closed","ping_status":"closed","template":"full_width.php","meta":{"footnotes":""},"class_list":["post-832","page","type-page","status-publish","hentry"],"yoast_head":"<!-- This site is optimized with the Yoast SEO plugin v25.7 - https:\/\/yoast.com\/wordpress\/plugins\/seo\/ -->\n<title>Indemnitzaci\u00f3 per Defunci\u00f3 - Soler Naharro<\/title>\n<meta name=\"robots\" content=\"index, follow, max-snippet:-1, max-image-preview:large, max-video-preview:-1\" \/>\n<link rel=\"canonical\" href=\"https:\/\/solernaharro.com\/ca\/indemnizacion-por-fallecimiento\/\" \/>\n<meta property=\"og:locale\" content=\"ca_ES\" \/>\n<meta property=\"og:type\" content=\"article\" \/>\n<meta property=\"og:title\" content=\"Indemnitzaci\u00f3 per Defunci\u00f3 - Soler Naharro\" \/>\n<meta property=\"og:description\" content=\"[vc_row css_animation=&#8221;&#8221; row_type=&#8221;row&#8221; use_row_as_full_screen_section=&#8221;no&#8221; type=&#8221;grid&#8221; angled_section=&#8221;no&#8221; text_align=&#8221;left&#8221; background_image_as_pattern=&#8221;without_pattern&#8221; z_index=&#8221;&#8221; background_color=&#8221;#000000&#8243; padding_top=&#8221;0&#8243; padding_bottom=&#8221;0&#8243;][vc_column offset=&#8221;vc_hidden-sm vc_hidden-xs&#8221;][vc_empty_space height=&#8221;20px&#8221; css=&#8221;.vc_custom_1612886833805{margin-top: 0px !important;margin-right: 0px !important;margin-bottom: 0px !important;margin-left: 0px !important;padding-top: 0px !important;padding-right: 0px !important;padding-bottom: 0px !important;padding-left: 0px !important;}&#8221;][vc_raw_html]JTNDaDElMjBjbGFzcyUzRCUyMnRpdHVsb3NlcnZpY2lvJTIyJTNFSW5kZW1uaXR6YWNpJUMzJUIzJTIwcGVyJTIwRGVmdW5jaSVDMyVCMyUyMCUzQyUyRmgxJTNFJTNDcCUyMGNsYXNzJTNEJTIyY2xhdmUlMjIlM0UlM0NpbWclMjBjbGFzcyUzRCUyMmltZ2gxJTIyJTIwc3JjJTNEJTIyJTJGd3AtY29udGVudCUyRnVwbG9hZHMlMkYyMDIxJTJGMDglMkZkcnktdHJlZS5wbmclMjIlMjAlNUMlM0UlM0MlMkZwJTNF[\/vc_raw_html][vc_empty_space height=&#8221;20px&#8221; css=&#8221;.vc_custom_1612886833805{margin-top: 0px !important;margin-right: 0px !important;margin-bottom: 0px !important;margin-left: 0px !important;padding-top: 0px !important;padding-right: 0px\" \/>\n<meta property=\"og:url\" content=\"https:\/\/solernaharro.com\/indemnizacion-por-fallecimiento\/\" \/>\n<meta property=\"og:site_name\" content=\"Soler Naharro\" \/>\n<meta property=\"article:modified_time\" content=\"2021-09-02T09:45:15+00:00\" \/>\n<meta name=\"twitter:card\" content=\"summary_large_image\" \/>\n<meta name=\"twitter:label1\" content=\"Temps estimat de lectura\" \/>\n\t<meta name=\"twitter:data1\" content=\"7 minuts\" \/>\n<script type=\"application\/ld+json\" class=\"yoast-schema-graph\">{\"@context\":\"https:\/\/schema.org\",\"@graph\":[{\"@type\":\"WebPage\",\"@id\":\"https:\/\/solernaharro.com\/indemnizacion-por-fallecimiento\/\",\"url\":\"https:\/\/solernaharro.com\/indemnizacion-por-fallecimiento\/\",\"name\":\"Indemnitzaci\u00f3 per Defunci\u00f3 - Soler Naharro\",\"isPartOf\":{\"@id\":\"https:\/\/solernaharro.com\/#website\"},\"datePublished\":\"2021-02-10T11:29:52+00:00\",\"dateModified\":\"2021-09-02T09:45:15+00:00\",\"breadcrumb\":{\"@id\":\"https:\/\/solernaharro.com\/indemnizacion-por-fallecimiento\/#breadcrumb\"},\"inLanguage\":\"ca\",\"potentialAction\":[{\"@type\":\"ReadAction\",\"target\":[\"https:\/\/solernaharro.com\/indemnizacion-por-fallecimiento\/\"]}]},{\"@type\":\"BreadcrumbList\",\"@id\":\"https:\/\/solernaharro.com\/indemnizacion-por-fallecimiento\/#breadcrumb\",\"itemListElement\":[{\"@type\":\"ListItem\",\"position\":1,\"name\":\"Portada\",\"item\":\"https:\/\/solernaharro.com\/ca\/\"},{\"@type\":\"ListItem\",\"position\":2,\"name\":\"Indemnitzaci\u00f3 per Defunci\u00f3\"}]},{\"@type\":\"WebSite\",\"@id\":\"https:\/\/solernaharro.com\/#website\",\"url\":\"https:\/\/solernaharro.com\/\",\"name\":\"Soler Naharro\",\"description\":\"Abogados en Barcelona expertos en accidentes de tr\u00e1fico y negligencias m\u00e9dicas\",\"potentialAction\":[{\"@type\":\"SearchAction\",\"target\":{\"@type\":\"EntryPoint\",\"urlTemplate\":\"https:\/\/solernaharro.com\/?s={search_term_string}\"},\"query-input\":{\"@type\":\"PropertyValueSpecification\",\"valueRequired\":true,\"valueName\":\"search_term_string\"}}],\"inLanguage\":\"ca\"}]}<\/script>\n<!-- \/ Yoast SEO plugin. -->","yoast_head_json":{"title":"Indemnitzaci\u00f3 per Defunci\u00f3 - Soler Naharro","robots":{"index":"index","follow":"follow","max-snippet":"max-snippet:-1","max-image-preview":"max-image-preview:large","max-video-preview":"max-video-preview:-1"},"canonical":"https:\/\/solernaharro.com\/ca\/indemnizacion-por-fallecimiento\/","og_locale":"ca_ES","og_type":"article","og_title":"Indemnitzaci\u00f3 per Defunci\u00f3 - Soler Naharro","og_description":"[vc_row css_animation=&#8221;&#8221; row_type=&#8221;row&#8221; use_row_as_full_screen_section=&#8221;no&#8221; type=&#8221;grid&#8221; angled_section=&#8221;no&#8221; text_align=&#8221;left&#8221; background_image_as_pattern=&#8221;without_pattern&#8221; z_index=&#8221;&#8221; background_color=&#8221;#000000&#8243; padding_top=&#8221;0&#8243; padding_bottom=&#8221;0&#8243;][vc_column offset=&#8221;vc_hidden-sm vc_hidden-xs&#8221;][vc_empty_space height=&#8221;20px&#8221; css=&#8221;.vc_custom_1612886833805{margin-top: 0px !important;margin-right: 0px !important;margin-bottom: 0px !important;margin-left: 0px !important;padding-top: 0px !important;padding-right: 0px !important;padding-bottom: 0px !important;padding-left: 0px !important;}&#8221;][vc_raw_html]JTNDaDElMjBjbGFzcyUzRCUyMnRpdHVsb3NlcnZpY2lvJTIyJTNFSW5kZW1uaXR6YWNpJUMzJUIzJTIwcGVyJTIwRGVmdW5jaSVDMyVCMyUyMCUzQyUyRmgxJTNFJTNDcCUyMGNsYXNzJTNEJTIyY2xhdmUlMjIlM0UlM0NpbWclMjBjbGFzcyUzRCUyMmltZ2gxJTIyJTIwc3JjJTNEJTIyJTJGd3AtY29udGVudCUyRnVwbG9hZHMlMkYyMDIxJTJGMDglMkZkcnktdHJlZS5wbmclMjIlMjAlNUMlM0UlM0MlMkZwJTNF[\/vc_raw_html][vc_empty_space height=&#8221;20px&#8221; css=&#8221;.vc_custom_1612886833805{margin-top: 0px !important;margin-right: 0px !important;margin-bottom: 0px !important;margin-left: 0px !important;padding-top: 0px !important;padding-right: 0px","og_url":"https:\/\/solernaharro.com\/indemnizacion-por-fallecimiento\/","og_site_name":"Soler Naharro","article_modified_time":"2021-09-02T09:45:15+00:00","twitter_card":"summary_large_image","twitter_misc":{"Temps estimat de lectura":"7 minuts"},"schema":{"@context":"https:\/\/schema.org","@graph":[{"@type":"WebPage","@id":"https:\/\/solernaharro.com\/indemnizacion-por-fallecimiento\/","url":"https:\/\/solernaharro.com\/indemnizacion-por-fallecimiento\/","name":"Indemnitzaci\u00f3 per Defunci\u00f3 - Soler Naharro","isPartOf":{"@id":"https:\/\/solernaharro.com\/#website"},"datePublished":"2021-02-10T11:29:52+00:00","dateModified":"2021-09-02T09:45:15+00:00","breadcrumb":{"@id":"https:\/\/solernaharro.com\/indemnizacion-por-fallecimiento\/#breadcrumb"},"inLanguage":"ca","potentialAction":[{"@type":"ReadAction","target":["https:\/\/solernaharro.com\/indemnizacion-por-fallecimiento\/"]}]},{"@type":"BreadcrumbList","@id":"https:\/\/solernaharro.com\/indemnizacion-por-fallecimiento\/#breadcrumb","itemListElement":[{"@type":"ListItem","position":1,"name":"Portada","item":"https:\/\/solernaharro.com\/ca\/"},{"@type":"ListItem","position":2,"name":"Indemnitzaci\u00f3 per Defunci\u00f3"}]},{"@type":"WebSite","@id":"https:\/\/solernaharro.com\/#website","url":"https:\/\/solernaharro.com\/","name":"Soler Naharro","description":"Abogados en Barcelona expertos en accidentes de tr\u00e1fico y negligencias m\u00e9dicas","potentialAction":[{"@type":"SearchAction","target":{"@type":"EntryPoint","urlTemplate":"https:\/\/solernaharro.com\/?s={search_term_string}"},"query-input":{"@type":"PropertyValueSpecification","valueRequired":true,"valueName":"search_term_string"}}],"inLanguage":"ca"}]}},"_links":{"self":[{"href":"https:\/\/solernaharro.com\/ca\/wp-json\/wp\/v2\/pages\/832","targetHints":{"allow":["GET"]}}],"collection":[{"href":"https:\/\/solernaharro.com\/ca\/wp-json\/wp\/v2\/pages"}],"about":[{"href":"https:\/\/solernaharro.com\/ca\/wp-json\/wp\/v2\/types\/page"}],"author":[{"embeddable":true,"href":"https:\/\/solernaharro.com\/ca\/wp-json\/wp\/v2\/users\/1"}],"replies":[{"embeddable":true,"href":"https:\/\/solernaharro.com\/ca\/wp-json\/wp\/v2\/comments?post=832"}],"version-history":[{"count":3,"href":"https:\/\/solernaharro.com\/ca\/wp-json\/wp\/v2\/pages\/832\/revisions"}],"predecessor-version":[{"id":1080,"href":"https:\/\/solernaharro.com\/ca\/wp-json\/wp\/v2\/pages\/832\/revisions\/1080"}],"wp:attachment":[{"href":"https:\/\/solernaharro.com\/ca\/wp-json\/wp\/v2\/media?parent=832"}],"curies":[{"name":"wp","href":"https:\/\/api.w.org\/{rel}","templated":true}]}}