{"id":792,"date":"2021-02-12T10:54:05","date_gmt":"2021-02-12T10:54:05","guid":{"rendered":"http:\/\/nuevo.solernaharro.com\/despacho\/"},"modified":"2021-09-02T09:43:24","modified_gmt":"2021-09-02T09:43:24","slug":"despatx","status":"publish","type":"page","link":"https:\/\/solernaharro.com\/ca\/despatx\/","title":{"rendered":"Despatx"},"content":{"rendered":"<p>[vc_row css_animation=&#8221;&#8221; row_type=&#8221;row&#8221; use_row_as_full_screen_section=&#8221;no&#8221; type=&#8221;grid&#8221; angled_section=&#8221;no&#8221; text_align=&#8221;left&#8221; background_image_as_pattern=&#8221;without_pattern&#8221; z_index=&#8221;&#8221; background_color=&#8221;#000000&#8243; padding_top=&#8221;0&#8243; padding_bottom=&#8221;0&#8243;][vc_column offset=&#8221;vc_hidden-sm vc_hidden-xs&#8221;][vc_empty_space height=&#8221;20px&#8221; css=&#8221;.vc_custom_1612886833805{margin-top: 0px !important;margin-right: 0px !important;margin-bottom: 0px !important;margin-left: 0px !important;padding-top: 0px !important;padding-right: 0px !important;padding-bottom: 0px !important;padding-left: 0px !important;}&#8221;][vc_raw_html]JTNDaDElMjBjbGFzcyUzRCUyMnRpdHVsb3NlcnZpY2lvJTIyJTNFRGVzcGF0eCUzQyUyRmgxJTNFJTNDcCUyMGNsYXNzJTNEJTIyY2xhdmUlMjIlM0U=[\/vc_raw_html][vc_empty_space height=&#8221;20px&#8221; css=&#8221;.vc_custom_1612886833805{margin-top: 0px !important;margin-right: 0px !important;margin-bottom: 0px !important;margin-left: 0px !important;padding-top: 0px !important;padding-right: 0px !important;padding-bottom: 0px !important;padding-left: 0px !important;}&#8221;][\/vc_column][\/vc_row][vc_row css_animation=&#8221;&#8221; row_type=&#8221;row&#8221; use_row_as_full_screen_section=&#8221;no&#8221; type=&#8221;grid&#8221; angled_section=&#8221;no&#8221; text_align=&#8221;center&#8221; background_image_as_pattern=&#8221;without_pattern&#8221; z_index=&#8221;&#8221; background_color=&#8221;#000000&#8243; padding_top=&#8221;0&#8243; padding_bottom=&#8221;0&#8243; el_class=&#8221;tituloservicio2&#8243;][vc_column offset=&#8221;vc_hidden-lg vc_hidden-md&#8221;][vc_empty_space height=&#8221;20px&#8221; css=&#8221;.vc_custom_1612886833805{margin-top: 0px !important;margin-right: 0px !important;margin-bottom: 0px !important;margin-left: 0px !important;padding-top: 0px !important;padding-right: 0px !important;padding-bottom: 0px !important;padding-left: 0px !important;}&#8221;][vc_raw_html]JTNDaDElMjBjbGFzcyUzRCUyMnRpdHVsb3NlcnZpY2lvJTIyJTNFRGVzcGF0eCUzQyUyRmgxJTNFJTNDcCUyMGNsYXNzJTNEJTIyY2xhdmUlMjIlM0U=[\/vc_raw_html][vc_empty_space height=&#8221;20px&#8221; css=&#8221;.vc_custom_1612886833805{margin-top: 0px !important;margin-right: 0px !important;margin-bottom: 0px !important;margin-left: 0px !important;padding-top: 0px !important;padding-right: 0px !important;padding-bottom: 0px !important;padding-left: 0px !important;}&#8221;][\/vc_column][\/vc_row][vc_row css_animation=&#8221;&#8221; row_type=&#8221;row&#8221; use_row_as_full_screen_section=&#8221;no&#8221; type=&#8221;grid&#8221; angled_section=&#8221;no&#8221; text_align=&#8221;left&#8221; background_image_as_pattern=&#8221;without_pattern&#8221; usi_row_as_full_screen_section=&#8221;no&#8221; z_index=&#8221;&#8221; padding_top=&#8221;60&#8243; padding_bottom=&#8221;50&#8243;][vc_column][vc_column_text]Soler Naharro \u00e9s un bufet especialitzat en <strong>accidents de circulaci\u00f3 amb m\u00e9s de vint anys d&#8217;experi\u00e8ncia<\/strong> ajudant a persones afectades per aquesta mena de sinistres. En particular les que han sofert lesions que han de ser indemnitzades.[\/vc_column_text][vc_empty_space height=&#8221;20px&#8221;][vc_column_text]A Soler Naharro estem especialitzats en defensa d&#8217;errors o <strong>neglig\u00e8ncies m\u00e8diques i accidents de circulaci\u00f3. Portem m\u00e9s de venticinco anys ajudant a persones afectades per aquesta mena de casos<\/strong>, en particular les que han sofert lesions o perdudes que han de ser indemnitzades.[\/vc_column_text][vc_empty_space height=&#8221;20px&#8221;][vc_column_text]A m\u00e9s, treballem amb una <strong>\u00e0mplia xarxa d&#8217;especialistes i perits t\u00e8cnics relacionats amb aquesta mena d&#8217;assumptes jur\u00eddics<\/strong>, com ara enginyers reconstructors d&#8217;accidents o qualsevol facultatiu que puguem necessitar per a resoldre <strong>els casos al seu favor<\/strong>.[\/vc_column_text][\/vc_column][\/vc_row][vc_row css_animation=&#8221;&#8221; row_type=&#8221;row&#8221; use_row_as_full_screen_section=&#8221;no&#8221; type=&#8221;grid&#8221; angled_section=&#8221;no&#8221; text_align=&#8221;left&#8221; background_image_as_pattern=&#8221;without_pattern&#8221; enable_parallax=&#8221;true&#8221; parallax_background=&#8221;528&#8243; parallax_style=&#8221;fixed&#8221; usi_row_as_full_screen_section=&#8221;no&#8221; z_index=&#8221;&#8221; padding_top=&#8221;60&#8243; padding_bottom=&#8221;50&#8243;][vc_column][vc_empty_space height=&#8221;300px&#8221;][vc_empty_space height=&#8221;50px&#8221;][\/vc_column][\/vc_row][vc_row css_animation=&#8221;&#8221; row_type=&#8221;row&#8221; use_row_as_full_screen_section=&#8221;no&#8221; type=&#8221;grid&#8221; angled_section=&#8221;no&#8221; text_align=&#8221;left&#8221; background_image_as_pattern=&#8221;without_pattern&#8221; usi_row_as_full_screen_section=&#8221;no&#8221; z_index=&#8221;&#8221; padding_top=&#8221;60&#8243; padding_bottom=&#8221;50&#8243;][vc_column][vc_column_text]Disposem d&#8217;un equip multidisciplinari compostos per qualificats advocats i metges especialitzats en traumatologia, rehabilitaci\u00f3 funcional, medicina legal i valoraci\u00f3 del mal corporal.[\/vc_column_text][vc_empty_space height=&#8221;20px&#8221;][vc_column_text]Som advocats experts en la mat\u00e8ria, i fins i tot disposem de metge <strong>especialista en medicina legal i valoraci\u00f3 del mal corporal que al seu torn col\u00b7labora amb diversos centres especialitzats en traumatologia i rehabilitaci\u00f3 funcional<\/strong> on ser\u00e0 at\u00e8s amb la m\u00e0xima professionalitat.[\/vc_column_text][vc_empty_space height=&#8221;20px&#8221;][vc_column_text]<strong>Treballem perfectament sincronitzats i aconseguim els millors resultats possibles per als nostres clients<\/strong>. A m\u00e9s, estem fortament relacionats amb una \u00e0mplia xarxa d&#8217;especialistes en aquesta mena d&#8217;assumptes jur\u00eddics, posant-los a la seva disposici\u00f3 si el cas el precis\u00e9s.[\/vc_column_text][\/vc_column][\/vc_row][vc_row css_animation=&#8221;&#8221; row_type=&#8221;row&#8221; use_row_as_full_screen_section=&#8221;no&#8221; type=&#8221;grid&#8221; angled_section=&#8221;no&#8221; text_align=&#8221;left&#8221; background_image_as_pattern=&#8221;without_pattern&#8221; usi_row_as_full_screen_section=&#8221;no&#8221; z_index=&#8221;&#8221;][vc_column][vc_empty_space height=&#8221;50px&#8221;][\/vc_column][\/vc_row]<\/p>\n","protected":false},"excerpt":{"rendered":"<p>[vc_row css_animation=&#8221;&#8221; row_type=&#8221;row&#8221; use_row_as_full_screen_section=&#8221;no&#8221; type=&#8221;grid&#8221; angled_section=&#8221;no&#8221; text_align=&#8221;left&#8221; background_image_as_pattern=&#8221;without_pattern&#8221; z_index=&#8221;&#8221; background_color=&#8221;#000000&#8243; padding_top=&#8221;0&#8243; padding_bottom=&#8221;0&#8243;][vc_column offset=&#8221;vc_hidden-sm vc_hidden-xs&#8221;][vc_empty_space height=&#8221;20px&#8221; css=&#8221;.vc_custom_1612886833805{margin-top: 0px !important;margin-right: 0px !important;margin-bottom: 0px !important;margin-left: 0px !important;padding-top: 0px !important;padding-right: 0px !important;padding-bottom: 0px !important;padding-left: 0px !important;}&#8221;][vc_raw_html]JTNDaDElMjBjbGFzcyUzRCUyMnRpdHVsb3NlcnZpY2lvJTIyJTNFRGVzcGF0eCUzQyUyRmgxJTNFJTNDcCUyMGNsYXNzJTNEJTIyY2xhdmUlMjIlM0U=[\/vc_raw_html][vc_empty_space height=&#8221;20px&#8221; css=&#8221;.vc_custom_1612886833805{margin-top: 0px !important;margin-right: 0px !important;margin-bottom: 0px !important;margin-left: 0px !important;padding-top: 0px !important;padding-right: 0px<\/p>\n","protected":false},"author":1,"featured_media":0,"parent":0,"menu_order":0,"comment_status":"closed","ping_status":"closed","template":"full_width.php","meta":{"footnotes":""},"class_list":["post-792","page","type-page","status-publish","hentry"],"yoast_head":"<!-- This site is optimized with the Yoast SEO plugin v25.7 - https:\/\/yoast.com\/wordpress\/plugins\/seo\/ -->\n<title>Despatx - Soler Naharro<\/title>\n<meta name=\"robots\" content=\"index, follow, max-snippet:-1, max-image-preview:large, max-video-preview:-1\" \/>\n<link rel=\"canonical\" href=\"https:\/\/solernaharro.com\/ca\/despacho\/\" \/>\n<meta property=\"og:locale\" content=\"ca_ES\" \/>\n<meta property=\"og:type\" content=\"article\" \/>\n<meta property=\"og:title\" content=\"Despatx - Soler Naharro\" \/>\n<meta property=\"og:description\" content=\"[vc_row css_animation=&#8221;&#8221; row_type=&#8221;row&#8221; use_row_as_full_screen_section=&#8221;no&#8221; type=&#8221;grid&#8221; angled_section=&#8221;no&#8221; text_align=&#8221;left&#8221; background_image_as_pattern=&#8221;without_pattern&#8221; z_index=&#8221;&#8221; background_color=&#8221;#000000&#8243; padding_top=&#8221;0&#8243; padding_bottom=&#8221;0&#8243;][vc_column offset=&#8221;vc_hidden-sm vc_hidden-xs&#8221;][vc_empty_space height=&#8221;20px&#8221; css=&#8221;.vc_custom_1612886833805{margin-top: 0px !important;margin-right: 0px !important;margin-bottom: 0px !important;margin-left: 0px !important;padding-top: 0px !important;padding-right: 0px !important;padding-bottom: 0px !important;padding-left: 0px !important;}&#8221;][vc_raw_html]JTNDaDElMjBjbGFzcyUzRCUyMnRpdHVsb3NlcnZpY2lvJTIyJTNFRGVzcGF0eCUzQyUyRmgxJTNFJTNDcCUyMGNsYXNzJTNEJTIyY2xhdmUlMjIlM0U=[\/vc_raw_html][vc_empty_space height=&#8221;20px&#8221; css=&#8221;.vc_custom_1612886833805{margin-top: 0px !important;margin-right: 0px !important;margin-bottom: 0px !important;margin-left: 0px !important;padding-top: 0px !important;padding-right: 0px\" \/>\n<meta property=\"og:url\" content=\"https:\/\/solernaharro.com\/despacho\/\" \/>\n<meta property=\"og:site_name\" content=\"Soler Naharro\" \/>\n<meta property=\"article:modified_time\" content=\"2021-09-02T09:43:24+00:00\" \/>\n<meta name=\"twitter:card\" content=\"summary_large_image\" \/>\n<meta name=\"twitter:label1\" content=\"Temps estimat de lectura\" \/>\n\t<meta name=\"twitter:data1\" content=\"4 minuts\" \/>\n<script type=\"application\/ld+json\" class=\"yoast-schema-graph\">{\"@context\":\"https:\/\/schema.org\",\"@graph\":[{\"@type\":\"WebPage\",\"@id\":\"https:\/\/solernaharro.com\/despacho\/\",\"url\":\"https:\/\/solernaharro.com\/despacho\/\",\"name\":\"Despatx - Soler Naharro\",\"isPartOf\":{\"@id\":\"https:\/\/solernaharro.com\/#website\"},\"datePublished\":\"2021-02-12T10:54:05+00:00\",\"dateModified\":\"2021-09-02T09:43:24+00:00\",\"breadcrumb\":{\"@id\":\"https:\/\/solernaharro.com\/despacho\/#breadcrumb\"},\"inLanguage\":\"ca\",\"potentialAction\":[{\"@type\":\"ReadAction\",\"target\":[\"https:\/\/solernaharro.com\/despacho\/\"]}]},{\"@type\":\"BreadcrumbList\",\"@id\":\"https:\/\/solernaharro.com\/despacho\/#breadcrumb\",\"itemListElement\":[{\"@type\":\"ListItem\",\"position\":1,\"name\":\"Portada\",\"item\":\"https:\/\/solernaharro.com\/ca\/\"},{\"@type\":\"ListItem\",\"position\":2,\"name\":\"Despatx\"}]},{\"@type\":\"WebSite\",\"@id\":\"https:\/\/solernaharro.com\/#website\",\"url\":\"https:\/\/solernaharro.com\/\",\"name\":\"Soler Naharro\",\"description\":\"Abogados en Barcelona expertos en accidentes de tr\u00e1fico y negligencias m\u00e9dicas\",\"potentialAction\":[{\"@type\":\"SearchAction\",\"target\":{\"@type\":\"EntryPoint\",\"urlTemplate\":\"https:\/\/solernaharro.com\/?s={search_term_string}\"},\"query-input\":{\"@type\":\"PropertyValueSpecification\",\"valueRequired\":true,\"valueName\":\"search_term_string\"}}],\"inLanguage\":\"ca\"}]}<\/script>\n<!-- \/ Yoast SEO plugin. -->","yoast_head_json":{"title":"Despatx - Soler Naharro","robots":{"index":"index","follow":"follow","max-snippet":"max-snippet:-1","max-image-preview":"max-image-preview:large","max-video-preview":"max-video-preview:-1"},"canonical":"https:\/\/solernaharro.com\/ca\/despacho\/","og_locale":"ca_ES","og_type":"article","og_title":"Despatx - Soler Naharro","og_description":"[vc_row css_animation=&#8221;&#8221; row_type=&#8221;row&#8221; use_row_as_full_screen_section=&#8221;no&#8221; type=&#8221;grid&#8221; angled_section=&#8221;no&#8221; text_align=&#8221;left&#8221; background_image_as_pattern=&#8221;without_pattern&#8221; z_index=&#8221;&#8221; background_color=&#8221;#000000&#8243; padding_top=&#8221;0&#8243; padding_bottom=&#8221;0&#8243;][vc_column offset=&#8221;vc_hidden-sm vc_hidden-xs&#8221;][vc_empty_space height=&#8221;20px&#8221; css=&#8221;.vc_custom_1612886833805{margin-top: 0px !important;margin-right: 0px !important;margin-bottom: 0px !important;margin-left: 0px !important;padding-top: 0px !important;padding-right: 0px !important;padding-bottom: 0px !important;padding-left: 0px !important;}&#8221;][vc_raw_html]JTNDaDElMjBjbGFzcyUzRCUyMnRpdHVsb3NlcnZpY2lvJTIyJTNFRGVzcGF0eCUzQyUyRmgxJTNFJTNDcCUyMGNsYXNzJTNEJTIyY2xhdmUlMjIlM0U=[\/vc_raw_html][vc_empty_space height=&#8221;20px&#8221; css=&#8221;.vc_custom_1612886833805{margin-top: 0px !important;margin-right: 0px !important;margin-bottom: 0px !important;margin-left: 0px !important;padding-top: 0px !important;padding-right: 0px","og_url":"https:\/\/solernaharro.com\/despacho\/","og_site_name":"Soler Naharro","article_modified_time":"2021-09-02T09:43:24+00:00","twitter_card":"summary_large_image","twitter_misc":{"Temps estimat de lectura":"4 minuts"},"schema":{"@context":"https:\/\/schema.org","@graph":[{"@type":"WebPage","@id":"https:\/\/solernaharro.com\/despacho\/","url":"https:\/\/solernaharro.com\/despacho\/","name":"Despatx - Soler Naharro","isPartOf":{"@id":"https:\/\/solernaharro.com\/#website"},"datePublished":"2021-02-12T10:54:05+00:00","dateModified":"2021-09-02T09:43:24+00:00","breadcrumb":{"@id":"https:\/\/solernaharro.com\/despacho\/#breadcrumb"},"inLanguage":"ca","potentialAction":[{"@type":"ReadAction","target":["https:\/\/solernaharro.com\/despacho\/"]}]},{"@type":"BreadcrumbList","@id":"https:\/\/solernaharro.com\/despacho\/#breadcrumb","itemListElement":[{"@type":"ListItem","position":1,"name":"Portada","item":"https:\/\/solernaharro.com\/ca\/"},{"@type":"ListItem","position":2,"name":"Despatx"}]},{"@type":"WebSite","@id":"https:\/\/solernaharro.com\/#website","url":"https:\/\/solernaharro.com\/","name":"Soler Naharro","description":"Abogados en Barcelona expertos en accidentes de tr\u00e1fico y negligencias m\u00e9dicas","potentialAction":[{"@type":"SearchAction","target":{"@type":"EntryPoint","urlTemplate":"https:\/\/solernaharro.com\/?s={search_term_string}"},"query-input":{"@type":"PropertyValueSpecification","valueRequired":true,"valueName":"search_term_string"}}],"inLanguage":"ca"}]}},"_links":{"self":[{"href":"https:\/\/solernaharro.com\/ca\/wp-json\/wp\/v2\/pages\/792","targetHints":{"allow":["GET"]}}],"collection":[{"href":"https:\/\/solernaharro.com\/ca\/wp-json\/wp\/v2\/pages"}],"about":[{"href":"https:\/\/solernaharro.com\/ca\/wp-json\/wp\/v2\/types\/page"}],"author":[{"embeddable":true,"href":"https:\/\/solernaharro.com\/ca\/wp-json\/wp\/v2\/users\/1"}],"replies":[{"embeddable":true,"href":"https:\/\/solernaharro.com\/ca\/wp-json\/wp\/v2\/comments?post=792"}],"version-history":[{"count":3,"href":"https:\/\/solernaharro.com\/ca\/wp-json\/wp\/v2\/pages\/792\/revisions"}],"predecessor-version":[{"id":1077,"href":"https:\/\/solernaharro.com\/ca\/wp-json\/wp\/v2\/pages\/792\/revisions\/1077"}],"wp:attachment":[{"href":"https:\/\/solernaharro.com\/ca\/wp-json\/wp\/v2\/media?parent=792"}],"curies":[{"name":"wp","href":"https:\/\/api.w.org\/{rel}","templated":true}]}}