{"id":1175,"date":"2021-09-28T07:17:48","date_gmt":"2021-09-28T07:17:48","guid":{"rendered":"https:\/\/solernaharro.com\/?page_id=1175"},"modified":"2021-09-28T07:17:48","modified_gmt":"2021-09-28T07:17:48","slug":"politica-de-cookies","status":"publish","type":"page","link":"https:\/\/solernaharro.com\/ca\/politica-de-cookies\/","title":{"rendered":"Pol\u00edtica de Cookies"},"content":{"rendered":"<p>[vc_row css_animation=&#8221;&#8221; row_type=&#8221;row&#8221; usi_row_as_full_screen_section=&#8221;no&#8221; type=&#8221;grid&#8221; angled_section=&#8221;no&#8221; text_align=&#8221;left&#8221; background_image_as_pattern=&#8221;without_pattern&#8221; z_index=&#8221;&#8221; background_color=&#8221;#000000&#8243; padding_top=&#8221;0&#8243; padding_bottom=&#8221;0&#8243;][vc_column offset=&#8221;vc_hidden-sm vc_hidden-xs&#8221;][vc_empty_space height=&#8221;20px&#8221; css=&#8221;.vc_custom_1612886833805{margin-top: 0px !important;margin-right: 0px !important;margin-bottom: 0px !important;margin-left: 0px !important;padding-top: 0px !important;padding-right: 0px !important;padding-bottom: 0px !important;padding-left: 0px !important;}&#8221;][vc_raw_html]JTNDaDElMjBjbGFzcyUzRCUyMnRpdHVsb3NlcnZpY2lvJTIyJTNFUG9sJUMzJUFEdGljYSUyMGRlJTIwQ29va2llcyUzQyUyRmgxJTNF[\/vc_raw_html][vc_empty_space height=&#8221;20px&#8221; css=&#8221;.vc_custom_1612886833805{margin-top: 0px !important;margin-right: 0px !important;margin-bottom: 0px !important;margin-left: 0px !important;padding-top: 0px !important;padding-right: 0px !important;padding-bottom: 0px !important;padding-left: 0px !important;}&#8221;][\/vc_column][\/vc_row][vc_row css_animation=&#8221;&#8221; row_type=&#8221;row&#8221; usi_row_as_full_screen_section=&#8221;no&#8221; type=&#8221;grid&#8221; angled_section=&#8221;no&#8221; text_align=&#8221;center&#8221; background_image_as_pattern=&#8221;without_pattern&#8221; z_index=&#8221;&#8221; background_color=&#8221;#000000&#8243; padding_top=&#8221;0&#8243; padding_bottom=&#8221;0&#8243; el_class=&#8221;tituloservicio2&#8243;][vc_column offset=&#8221;vc_hidden-lg vc_hidden-md&#8221;][vc_empty_space height=&#8221;20px&#8221; css=&#8221;.vc_custom_1612886833805{margin-top: 0px !important;margin-right: 0px !important;margin-bottom: 0px !important;margin-left: 0px !important;padding-top: 0px !important;padding-right: 0px !important;padding-bottom: 0px !important;padding-left: 0px !important;}&#8221;][vc_raw_html]JTNDaDElMjBjbGFzcyUzRCUyMnRpdHVsb3NlcnZpY2lvJTIyJTNFUG9sJUMzJUFEdGljYSUyMGRlJTIwQ29va2llcyUzQyUyRmgxJTNF[\/vc_raw_html][vc_empty_space height=&#8221;20px&#8221; css=&#8221;.vc_custom_1612886833805{margin-top: 0px !important;margin-right: 0px !important;margin-bottom: 0px !important;margin-left: 0px !important;padding-top: 0px !important;padding-right: 0px !important;padding-bottom: 0px !important;padding-left: 0px !important;}&#8221;][\/vc_column][\/vc_row][vc_row css_animation=&#8221;&#8221; row_type=&#8221;row&#8221; usi_row_as_full_screen_section=&#8221;no&#8221; type=&#8221;grid&#8221; angled_section=&#8221;no&#8221; text_align=&#8221;left&#8221; background_image_as_pattern=&#8221;without_pattern&#8221; z_index=&#8221;&#8221; padding_top=&#8221;60&#8243; padding_bottom=&#8221;50&#8243;][vc_column][vc_column_text]<\/p>\n<h2>Qu\u00e8 \u00e9s una cookie?<\/h2>\n<p>[\/vc_column_text][vc_empty_space height=&#8221;20px&#8221;][vc_column_text]\u00c9s un dispositiu d&#8217;emmagatzematge i recuperaci\u00f3 d&#8217;informaci\u00f3 que es descarrega en equip de l&#8217;usuari en accedir a determinades p\u00e0gines web o aplicacions. Les cookies permeten obtenir una certa informaci\u00f3 sobre els h\u00e0bits de navegaci\u00f3 de l&#8217;usuari o del seu equip o dispositiu, permetent millorar el servei d&#8217;una web i oferir una millor experi\u00e8ncia d&#8217;usuari.[\/vc_column_text][vc_empty_space height=&#8221;20px&#8221;][vc_empty_space height=&#8221;20px&#8221;][vc_column_text]<\/p>\n<h2>Quin tipus de cookies utilitza aquesta p\u00e0gina web?<\/h2>\n<p>[\/vc_column_text][vc_empty_space height=&#8221;20px&#8221;][vc_column_text]Soler Naharro utilitza en aquest lloc web les seg\u00fcents cookies que es descriuen a continuaci\u00f3:[\/vc_column_text][vc_empty_space height=&#8221;20px&#8221;][vc_column_text]<\/p>\n<h4>1. Cookies Pr\u00f2pies<\/h4>\n<p>[\/vc_column_text][vc_empty_space height=&#8221;20px&#8221;][vc_column_text]Totes elles ofertes per Soler Naharro, s\u00f3n cookies estrictament necess\u00e0ries per a la prestaci\u00f3 de determinats serveis sol\u00b7licitats expressament per l&#8217;usuari. Si l&#8217;usuari desactiva aquestes cookies no podr\u00e0 rebre correctament els continguts, productes o serveis d&#8217;aquest lloc web. El tipus de cookies pr\u00f2pies que Soler Naharro utilitza en aquest lloc web i la informaci\u00f3 que obt\u00e9 a trav\u00e9s d&#8217;elles es recull a continuaci\u00f3:[\/vc_column_text][vc_empty_space height=&#8221;20px&#8221;][vc_column_text]<\/p>\n<h4>Cookies de Sessi\u00f3<\/h4>\n<p>[\/vc_column_text][vc_empty_space height=&#8221;20px&#8221;][vc_column_text]S\u00f3n aquelles que proporcionen informaci\u00f3 sobre el registre d&#8217;entrades i de navegaci\u00f3 de l&#8217;usuari en el lloc web.<\/p>\n<p>\u00danicament tenen validesa durant la visita de l&#8217;usuari al lloc web. No graven de manera permanent cap informaci\u00f3 en el disc dur de l&#8217;ordinador de l&#8217;usuari i expiren al final de cada sessi\u00f3 de navegaci\u00f3.<\/p>\n<p>Aquestes cookies nom\u00e9s s&#8217;associen amb un usuari an\u00f2nim i el seu ordinador i no proporcionen refer\u00e8ncies que permetin deduir o con\u00e8ixer el nom i cognoms de l&#8217;usuari.<\/p>\n<p>La seva finalitat \u00e9s mantenir les dades de sessi\u00f3 fins que aquesta finalitza. Una vegada finalitzi la sessi\u00f3 o es buidi l&#8217;historial del navegador, totes les dades d&#8217;aquesta cookie desapareixeran.[\/vc_column_text][vc_empty_space height=&#8221;20px&#8221;][vc_column_text]<\/p>\n<h4>2. Cookies de tercers<\/h4>\n<p>[\/vc_column_text][vc_empty_space height=&#8221;20px&#8221;][vc_column_text]S\u00f3n cookies no estrictament necess\u00e0ries per a la prestaci\u00f3 dels serveis sol\u00b7licitats per l&#8217;Usuari ni per a la navegaci\u00f3 pel lloc web. El tipus de cookies de tercers que Soler Naharro utilitza en aquest lloc web i la informaci\u00f3 que obt\u00e9 a trav\u00e9s d&#8217;elles es recull a continuaci\u00f3.[\/vc_column_text][vc_empty_space height=&#8221;20px&#8221;][vc_column_text]<\/p>\n<h4>Cookies d&#8217;An\u00e0lisis (Google Analytics)<\/h4>\n<p>[\/vc_column_text][vc_empty_space height=&#8221;20px&#8221;][vc_column_text]Desenvolupades per Google, permeten quantificar el nombre d&#8217;usuaris amb la finalitat de poder realitzar un mesurament i an\u00e0lisi estad\u00edstica de la utilitzaci\u00f3 que fan els usuaris dels productes o serveis oferts en el lloc web i del comportament conjunt dels usuaris que accedeixen al lloc web.<\/p>\n<p>En particular, aquestes cookies proporcionen informaci\u00f3 sobre:<\/p>\n<ul>\n<li>Nombre de visites, p\u00e0gines o seccions visitades, temps de navegaci\u00f3 de l&#8217;usuari, llocs visitats per l&#8217;usuari abans d&#8217;entrar en aquest lloc web, detalls sobre els navegadors usats i informaci\u00f3 relacionada amb la pr\u00f2pia navegaci\u00f3.<\/li>\n<li>Webs visitades i temps de navegaci\u00f3, web que condueix al lloc web i cerques realitzades per l&#8217;usuari<\/li>\n<\/ul>\n<p>La seva finalitat \u00e9s millorar l&#8217;oferta de productes i serveis que s&#8217;ofereixen a l&#8217;usuari a trav\u00e9s del lloc web mitjan\u00e7ant el seguiment i l&#8217;an\u00e0lisi dels seus h\u00e0bits de navegaci\u00f3 en aquest.<\/p>\n<p>Aquestes cookies s&#8217;utilitzen per a analitzar el comportament de l&#8217;usuari en la nostra web, de forma agregada i an\u00f2nima incloent, entre altres:<\/p>\n<ul>\n<li>El nombre de visitants al lloc web i a diferents fitxes de productes o serveis.<\/li>\n<li>La proced\u00e8ncia de la visita, dia i hora.<\/li>\n<li>Navegador, plataforma (sisgtema operatiu).<\/li>\n<li>Nombre de clics en una fitxa de producte o servei.<\/li>\n<li>Paraules de cerca que utilitza l&#8217;usuari per a trobar el seu contingut desitjat.<\/li>\n<\/ul>\n<p>D&#8217;aquesta manera, l&#8217;\u00fas d&#8217;aquestes cookies t\u00e9 per finalitat con\u00e8ixer el contingut del lloc web m\u00e9s rellevant per a l&#8217;usuari amb la finalitat de millorar l&#8217;oferta dels productes i serveis oferts a trav\u00e9s de la web.<\/p>\n<p>Per a permetre, con\u00e8ixer, bloquejar o eliminar les cookies instal\u00b7lades en el teu equip pots fer-ho mitjan\u00e7ant la configuraci\u00f3 de les opcions del navegador instal\u00b7lat en el seu ordinador.<\/p>\n<p>Per exemple pots trobar informaci\u00f3 sobre com fer-ho en el cas que usis com a navegador:<\/p>\n<p>Firefox des d&#8217;aqu\u00ed: <a href=\"http:\/\/web.archive.org\/web\/20190803100957\/http:\/\/support.mozilla.org\/es\/products\/firefox\/cookies\">http:\/\/support.mozilla.org\/es\/products\/firefox\/cookies<\/a><br \/>\nChrome des d&#8217;aqu\u00ed: <a href=\"http:\/\/web.archive.org\/web\/20190803100957\/http:\/\/support.google.com\/chrome\/bin\/answer.py?hl=es&amp;answer=95647\">http:\/\/support.google.com\/chrome\/bin\/answer.py?hl=es&amp;answer=95647<\/a><br \/>\nExplorer des d&#8217;aqu\u00ed: <a href=\"http:\/\/web.archive.org\/web\/20190803100957\/http:\/\/windows.microsoft.com\/es-es\/windows7\/how-to-manage-cookies-in-internet-explorer-9\">http:\/\/windows.microsoft.com\/es-es\/windows7\/how-to-manage-cookies-in-internet-explorer-9<\/a><br \/>\nSafari des d&#8217;aqu\u00ed: <a href=\"http:\/\/web.archive.org\/web\/20190803100957\/http:\/\/support.apple.com\/kb\/ph5042\">http:\/\/support.apple.com\/kb\/ph5042<\/a><br \/>\nOpera des d&#8217;aqu\u00ed: <a href=\"http:\/\/web.archive.org\/web\/20190803100957\/http:\/\/help.opera.com\/Windows\/11.50\/es-ES\/cookies.html\">http:\/\/help.opera.com\/windows\/11.50\/es-es\/cookies.html<\/a>[\/vc_column_text][vc_empty_space height=&#8221;20px&#8221;][vc_empty_space height=&#8221;20px&#8221;][vc_empty_space height=&#8221;20px&#8221;][\/vc_column][\/vc_row]<\/p>\n","protected":false},"excerpt":{"rendered":"<p>[vc_row css_animation=&#8221;&#8221; row_type=&#8221;row&#8221; usi_row_as_full_screen_section=&#8221;no&#8221; type=&#8221;grid&#8221; angled_section=&#8221;no&#8221; text_align=&#8221;left&#8221; background_image_as_pattern=&#8221;without_pattern&#8221; z_index=&#8221;&#8221; background_color=&#8221;#000000&#8243; padding_top=&#8221;0&#8243; padding_bottom=&#8221;0&#8243;][vc_column offset=&#8221;vc_hidden-sm vc_hidden-xs&#8221;][vc_empty_space height=&#8221;20px&#8221; css=&#8221;.vc_custom_1612886833805{margin-top: 0px !important;margin-right: 0px !important;margin-bottom: 0px !important;margin-left: 0px !important;padding-top: 0px !important;padding-right: 0px !important;padding-bottom: 0px !important;padding-left: 0px !important;}&#8221;][vc_raw_html]JTNDaDElMjBjbGFzcyUzRCUyMnRpdHVsb3NlcnZpY2lvJTIyJTNFUG9sJUMzJUFEdGljYSUyMGRlJTIwQ29va2llcyUzQyUyRmgxJTNF[\/vc_raw_html][vc_empty_space height=&#8221;20px&#8221; css=&#8221;.vc_custom_1612886833805{margin-top: 0px !important;margin-right: 0px !important;margin-bottom: 0px !important;margin-left: 0px !important;padding-top: 0px !important;padding-right: 0px<\/p>\n","protected":false},"author":1,"featured_media":0,"parent":0,"menu_order":0,"comment_status":"closed","ping_status":"closed","template":"full_width.php","meta":{"footnotes":""},"class_list":["post-1175","page","type-page","status-publish","hentry"],"yoast_head":"<!-- This site is optimized with the Yoast SEO plugin v25.7 - https:\/\/yoast.com\/wordpress\/plugins\/seo\/ -->\n<title>Pol\u00edtica de Cookies - Soler Naharro<\/title>\n<meta name=\"robots\" content=\"index, follow, max-snippet:-1, max-image-preview:large, max-video-preview:-1\" \/>\n<link rel=\"canonical\" href=\"https:\/\/solernaharro.com\/ca\/politica-de-cookies\/\" \/>\n<meta property=\"og:locale\" content=\"ca_ES\" \/>\n<meta property=\"og:type\" content=\"article\" \/>\n<meta property=\"og:title\" content=\"Pol\u00edtica de Cookies - Soler Naharro\" \/>\n<meta property=\"og:description\" content=\"[vc_row css_animation=&#8221;&#8221; row_type=&#8221;row&#8221; usi_row_as_full_screen_section=&#8221;no&#8221; type=&#8221;grid&#8221; angled_section=&#8221;no&#8221; text_align=&#8221;left&#8221; background_image_as_pattern=&#8221;without_pattern&#8221; z_index=&#8221;&#8221; background_color=&#8221;#000000&#8243; padding_top=&#8221;0&#8243; padding_bottom=&#8221;0&#8243;][vc_column offset=&#8221;vc_hidden-sm vc_hidden-xs&#8221;][vc_empty_space height=&#8221;20px&#8221; css=&#8221;.vc_custom_1612886833805{margin-top: 0px !important;margin-right: 0px !important;margin-bottom: 0px !important;margin-left: 0px !important;padding-top: 0px !important;padding-right: 0px !important;padding-bottom: 0px !important;padding-left: 0px !important;}&#8221;][vc_raw_html]JTNDaDElMjBjbGFzcyUzRCUyMnRpdHVsb3NlcnZpY2lvJTIyJTNFUG9sJUMzJUFEdGljYSUyMGRlJTIwQ29va2llcyUzQyUyRmgxJTNF[\/vc_raw_html][vc_empty_space height=&#8221;20px&#8221; css=&#8221;.vc_custom_1612886833805{margin-top: 0px !important;margin-right: 0px !important;margin-bottom: 0px !important;margin-left: 0px !important;padding-top: 0px !important;padding-right: 0px\" \/>\n<meta property=\"og:url\" content=\"https:\/\/solernaharro.com\/ca\/politica-de-cookies\/\" \/>\n<meta property=\"og:site_name\" content=\"Soler Naharro\" \/>\n<meta name=\"twitter:card\" content=\"summary_large_image\" \/>\n<meta name=\"twitter:label1\" content=\"Temps estimat de lectura\" \/>\n\t<meta name=\"twitter:data1\" content=\"6 minuts\" \/>\n<script type=\"application\/ld+json\" class=\"yoast-schema-graph\">{\"@context\":\"https:\/\/schema.org\",\"@graph\":[{\"@type\":\"WebPage\",\"@id\":\"https:\/\/solernaharro.com\/ca\/politica-de-cookies\/\",\"url\":\"https:\/\/solernaharro.com\/ca\/politica-de-cookies\/\",\"name\":\"Pol\u00edtica de Cookies - Soler Naharro\",\"isPartOf\":{\"@id\":\"https:\/\/solernaharro.com\/#website\"},\"datePublished\":\"2021-09-28T07:17:48+00:00\",\"breadcrumb\":{\"@id\":\"https:\/\/solernaharro.com\/ca\/politica-de-cookies\/#breadcrumb\"},\"inLanguage\":\"ca\",\"potentialAction\":[{\"@type\":\"ReadAction\",\"target\":[\"https:\/\/solernaharro.com\/ca\/politica-de-cookies\/\"]}]},{\"@type\":\"BreadcrumbList\",\"@id\":\"https:\/\/solernaharro.com\/ca\/politica-de-cookies\/#breadcrumb\",\"itemListElement\":[{\"@type\":\"ListItem\",\"position\":1,\"name\":\"Portada\",\"item\":\"https:\/\/solernaharro.com\/ca\/\"},{\"@type\":\"ListItem\",\"position\":2,\"name\":\"Pol\u00edtica de Cookies\"}]},{\"@type\":\"WebSite\",\"@id\":\"https:\/\/solernaharro.com\/#website\",\"url\":\"https:\/\/solernaharro.com\/\",\"name\":\"Soler Naharro\",\"description\":\"Abogados en Barcelona expertos en accidentes de tr\u00e1fico y negligencias m\u00e9dicas\",\"potentialAction\":[{\"@type\":\"SearchAction\",\"target\":{\"@type\":\"EntryPoint\",\"urlTemplate\":\"https:\/\/solernaharro.com\/?s={search_term_string}\"},\"query-input\":{\"@type\":\"PropertyValueSpecification\",\"valueRequired\":true,\"valueName\":\"search_term_string\"}}],\"inLanguage\":\"ca\"}]}<\/script>\n<!-- \/ Yoast SEO plugin. -->","yoast_head_json":{"title":"Pol\u00edtica de Cookies - Soler Naharro","robots":{"index":"index","follow":"follow","max-snippet":"max-snippet:-1","max-image-preview":"max-image-preview:large","max-video-preview":"max-video-preview:-1"},"canonical":"https:\/\/solernaharro.com\/ca\/politica-de-cookies\/","og_locale":"ca_ES","og_type":"article","og_title":"Pol\u00edtica de Cookies - Soler Naharro","og_description":"[vc_row css_animation=&#8221;&#8221; row_type=&#8221;row&#8221; usi_row_as_full_screen_section=&#8221;no&#8221; type=&#8221;grid&#8221; angled_section=&#8221;no&#8221; text_align=&#8221;left&#8221; background_image_as_pattern=&#8221;without_pattern&#8221; z_index=&#8221;&#8221; background_color=&#8221;#000000&#8243; padding_top=&#8221;0&#8243; padding_bottom=&#8221;0&#8243;][vc_column offset=&#8221;vc_hidden-sm vc_hidden-xs&#8221;][vc_empty_space height=&#8221;20px&#8221; css=&#8221;.vc_custom_1612886833805{margin-top: 0px !important;margin-right: 0px !important;margin-bottom: 0px !important;margin-left: 0px !important;padding-top: 0px !important;padding-right: 0px !important;padding-bottom: 0px !important;padding-left: 0px !important;}&#8221;][vc_raw_html]JTNDaDElMjBjbGFzcyUzRCUyMnRpdHVsb3NlcnZpY2lvJTIyJTNFUG9sJUMzJUFEdGljYSUyMGRlJTIwQ29va2llcyUzQyUyRmgxJTNF[\/vc_raw_html][vc_empty_space height=&#8221;20px&#8221; css=&#8221;.vc_custom_1612886833805{margin-top: 0px !important;margin-right: 0px !important;margin-bottom: 0px !important;margin-left: 0px !important;padding-top: 0px !important;padding-right: 0px","og_url":"https:\/\/solernaharro.com\/ca\/politica-de-cookies\/","og_site_name":"Soler Naharro","twitter_card":"summary_large_image","twitter_misc":{"Temps estimat de lectura":"6 minuts"},"schema":{"@context":"https:\/\/schema.org","@graph":[{"@type":"WebPage","@id":"https:\/\/solernaharro.com\/ca\/politica-de-cookies\/","url":"https:\/\/solernaharro.com\/ca\/politica-de-cookies\/","name":"Pol\u00edtica de Cookies - Soler Naharro","isPartOf":{"@id":"https:\/\/solernaharro.com\/#website"},"datePublished":"2021-09-28T07:17:48+00:00","breadcrumb":{"@id":"https:\/\/solernaharro.com\/ca\/politica-de-cookies\/#breadcrumb"},"inLanguage":"ca","potentialAction":[{"@type":"ReadAction","target":["https:\/\/solernaharro.com\/ca\/politica-de-cookies\/"]}]},{"@type":"BreadcrumbList","@id":"https:\/\/solernaharro.com\/ca\/politica-de-cookies\/#breadcrumb","itemListElement":[{"@type":"ListItem","position":1,"name":"Portada","item":"https:\/\/solernaharro.com\/ca\/"},{"@type":"ListItem","position":2,"name":"Pol\u00edtica de Cookies"}]},{"@type":"WebSite","@id":"https:\/\/solernaharro.com\/#website","url":"https:\/\/solernaharro.com\/","name":"Soler Naharro","description":"Abogados en Barcelona expertos en accidentes de tr\u00e1fico y negligencias m\u00e9dicas","potentialAction":[{"@type":"SearchAction","target":{"@type":"EntryPoint","urlTemplate":"https:\/\/solernaharro.com\/?s={search_term_string}"},"query-input":{"@type":"PropertyValueSpecification","valueRequired":true,"valueName":"search_term_string"}}],"inLanguage":"ca"}]}},"_links":{"self":[{"href":"https:\/\/solernaharro.com\/ca\/wp-json\/wp\/v2\/pages\/1175","targetHints":{"allow":["GET"]}}],"collection":[{"href":"https:\/\/solernaharro.com\/ca\/wp-json\/wp\/v2\/pages"}],"about":[{"href":"https:\/\/solernaharro.com\/ca\/wp-json\/wp\/v2\/types\/page"}],"author":[{"embeddable":true,"href":"https:\/\/solernaharro.com\/ca\/wp-json\/wp\/v2\/users\/1"}],"replies":[{"embeddable":true,"href":"https:\/\/solernaharro.com\/ca\/wp-json\/wp\/v2\/comments?post=1175"}],"version-history":[{"count":1,"href":"https:\/\/solernaharro.com\/ca\/wp-json\/wp\/v2\/pages\/1175\/revisions"}],"predecessor-version":[{"id":1176,"href":"https:\/\/solernaharro.com\/ca\/wp-json\/wp\/v2\/pages\/1175\/revisions\/1176"}],"wp:attachment":[{"href":"https:\/\/solernaharro.com\/ca\/wp-json\/wp\/v2\/media?parent=1175"}],"curies":[{"name":"wp","href":"https:\/\/api.w.org\/{rel}","templated":true}]}}