{"id":1132,"date":"2021-09-02T11:49:46","date_gmt":"2021-09-02T11:49:46","guid":{"rendered":"http:\/\/nuevo.solernaharro.com\/?page_id=1132"},"modified":"2021-09-02T11:53:50","modified_gmt":"2021-09-02T11:53:50","slug":"avis-legal","status":"publish","type":"page","link":"https:\/\/solernaharro.com\/ca\/avis-legal\/","title":{"rendered":"Av\u00eds Legal"},"content":{"rendered":"<p>[vc_row css_animation=&#8221;&#8221; row_type=&#8221;row&#8221; use_row_as_full_screen_section=&#8221;no&#8221; type=&#8221;grid&#8221; angled_section=&#8221;no&#8221; text_align=&#8221;left&#8221; background_image_as_pattern=&#8221;without_pattern&#8221; z_index=&#8221;&#8221; background_color=&#8221;#000000&#8243; padding_top=&#8221;0&#8243; padding_bottom=&#8221;0&#8243;][vc_column offset=&#8221;vc_hidden-sm vc_hidden-xs&#8221;][vc_empty_space height=&#8221;20px&#8221; css=&#8221;.vc_custom_1612886833805{margin-top: 0px !important;margin-right: 0px !important;margin-bottom: 0px !important;margin-left: 0px !important;padding-top: 0px !important;padding-right: 0px !important;padding-bottom: 0px !important;padding-left: 0px !important;}&#8221;][vc_raw_html]JTNDaDElMjBjbGFzcyUzRCUyMnRpdHVsb3NlcnZpY2lvJTIyJTNFQXYlQzMlQURzJTIwTGVnYWwlM0MlMkZoMSUzRQ==[\/vc_raw_html][vc_empty_space height=&#8221;20px&#8221; css=&#8221;.vc_custom_1612886833805{margin-top: 0px !important;margin-right: 0px !important;margin-bottom: 0px !important;margin-left: 0px !important;padding-top: 0px !important;padding-right: 0px !important;padding-bottom: 0px !important;padding-left: 0px !important;}&#8221;][\/vc_column][\/vc_row][vc_row css_animation=&#8221;&#8221; row_type=&#8221;row&#8221; use_row_as_full_screen_section=&#8221;no&#8221; type=&#8221;grid&#8221; angled_section=&#8221;no&#8221; text_align=&#8221;center&#8221; background_image_as_pattern=&#8221;without_pattern&#8221; z_index=&#8221;&#8221; background_color=&#8221;#000000&#8243; padding_top=&#8221;0&#8243; padding_bottom=&#8221;0&#8243; el_class=&#8221;tituloservicio2&#8243;][vc_column offset=&#8221;vc_hidden-lg vc_hidden-md&#8221;][vc_empty_space height=&#8221;20px&#8221; css=&#8221;.vc_custom_1612886833805{margin-top: 0px !important;margin-right: 0px !important;margin-bottom: 0px !important;margin-left: 0px !important;padding-top: 0px !important;padding-right: 0px !important;padding-bottom: 0px !important;padding-left: 0px !important;}&#8221;][vc_raw_html]JTNDaDElMjBjbGFzcyUzRCUyMnRpdHVsb3NlcnZpY2lvJTIyJTNFQXYlQzMlQURzJTIwTGVnYWwlM0MlMkZoMSUzRQ==[\/vc_raw_html][vc_empty_space height=&#8221;20px&#8221; css=&#8221;.vc_custom_1612886833805{margin-top: 0px !important;margin-right: 0px !important;margin-bottom: 0px !important;margin-left: 0px !important;padding-top: 0px !important;padding-right: 0px !important;padding-bottom: 0px !important;padding-left: 0px !important;}&#8221;][\/vc_column][\/vc_row][vc_row css_animation=&#8221;&#8221; row_type=&#8221;row&#8221; use_row_as_full_screen_section=&#8221;no&#8221; type=&#8221;grid&#8221; angled_section=&#8221;no&#8221; text_align=&#8221;left&#8221; background_image_as_pattern=&#8221;without_pattern&#8221; z_index=&#8221;&#8221; padding_top=&#8221;60&#8243; padding_bottom=&#8221;50&#8243;][vc_column][vc_column_text]<\/p>\n<h2>Condicions generals de contractaci\u00f3<\/h2>\n<p>[\/vc_column_text][vc_empty_space height=&#8221;20px&#8221;][vc_column_text]En compliment amb el que disposa la Ley47\/2002, de 19 de Desembre, de reforma de la Llei 7\/1996, de 15 de gener, d\u2019Ordenaci\u00f3 del Comer\u00e7 Minorista, per la transposici\u00f3 a l\u2019ordenament jur\u00eddic espanyol de la Directiva 97\/7\/CE, en mat\u00e8ria de contractes a distancia, i per l\u2019adaptaci\u00f3 d ela Lle a diverses Directives comunit\u00e0ries; La Ley 31\/2002, de 11 de juliol, de serveis de la societat de la informaci\u00f3 i de comer\u00e7 electr\u00f2nic: el R.D. 1906\/1999 per el que es regula la contractaci\u00f3 electr\u00f2nica amb condicions generals i el R.D. 113\/1997, per el que es regula l\u2019autoritzaci\u00f3 de les ventes a distancia i inscripci\u00f3 en el Registre d\u2019empreses de ventes a distancia, li informa:[\/vc_column_text][vc_empty_space height=&#8221;20px&#8221;][vc_empty_space height=&#8221;20px&#8221;][vc_column_text]<\/p>\n<h2>Capacitat per contractar legislaci\u00f3 aplicable i jurisdicci\u00f3 competent<\/h2>\n<p>[\/vc_column_text][vc_empty_space height=&#8221;20px&#8221;][vc_column_text]Per adquirir els serveis ofertes en la web <strong>www.solernaharro.com<\/strong> l\u2019usuari ha de tenir capacitat per contractar segons la seva llei nacional. Les condicions Generals de Contractaci\u00f3, que apareixen \u00e0mpliament descrites en <strong>www.solernaharro.com<\/strong> , s\u2019aplicaran a totes les transaccions comercials realitzades a trav\u00e9s de la nostra pagina web www.solernhaarro.com , nombre del domini del que es titular Luisa Naharro Carrasco, el CIF es 40974752E, domicili social a, c\/ Valencia, n\u00ba 263, 3\u00ba, 2\u00aa \/ 08007 Barcelona. Les presents Condicions Generals de Contractaci\u00f3 es regiran i interpretaran conforme a la legislaci\u00f3 espanyola en aquells que no est\u00e8s expressament establert. Les parts, amb renuncia de forma expressa a qualsevol altre f\u00f2rum que pogu\u00e9s correspondre \u2018ls , se sotmeten, excepte en els casos en que no est\u00e8s legalment perm\u00e8s, ala jurisdicci\u00f3 i compet\u00e8ncia dels Jutjats i Tribunals de la ciutat de Barcelona (Espa\u00f1a), per la resoluci\u00f3 de qualsevol q\u00fcesti\u00f3 que pogu\u00e9s suscitar-se en relaci\u00f3 amb les mateixes. La nostra activitat comercial, aix\u00ed com la descripci\u00f3 i las caracter\u00edstiques dels productes i serveis oferts, apareixen reflectides en les corresponents p\u00e0gines de la web <strong>www.solernaharro.com<\/strong>. <strong>www.solernaharro.com<\/strong> es reserva el dret de modificar en qualsevol moment, d\u2019acord amb la legislaci\u00f3 vigent, l\u2019oferta comercial i les Condicions Generals de Contractaci\u00f3 reflectides en la seva pag. We3b, aix\u00ed com qualsevol altres modificacions sobre preus, productes, serveis o promocions, informaci\u00f3 en tot moment, de forma clara i detallada, a clientes i usuaris . Aix\u00ed mateix es reserva el dret a modificar en qualsevol moment la presentaci\u00f3, configuraci\u00f3 i localitzaci\u00f3 del Lloc web. <strong>www.solernaharro.com<\/strong> fa tots els esfor\u00e7os al seu abast perqu\u00e8 la informaci\u00f3 continguda en el weblloc sigui vera\u00e7 i exempta d\u2019errors tipogr\u00e0fics . Si en algun moment es produeix algun error d\u2019aquest tipus, ali\u00e8 en tot moment a la nostra voluntat, es procediria immediatament a la seva correcci\u00f3.[\/vc_column_text][vc_empty_space height=&#8221;20px&#8221;][vc_column_text]<\/p>\n<h2>Drets de propietat industrial i intel\u00b7lectual<\/h2>\n<p>[\/vc_column_text][vc_empty_space height=&#8221;20px&#8221;][vc_column_text]L\u2019usuari reconeix i accepta que tots els drets de propietat industrial i intel\u00b7lectual sobre els continguts i qualssevol altre element inserits en el Lloc Web pertany <strong>www.solernaharro.com<\/strong>. <strong>www.solernaharro.com<\/strong> \u00e9s titular de la totalitat dels elements que integren el disseny gr\u00e0fic de la seva p\u00e0gina web, els men\u00fas, botons de navegaci\u00f3, el codi HTML, els texts, imatges, sons, marques, logotips, textures, gr\u00e0fic o qualsevol altre element de la mateixa, aix\u00ed com la seva estructura i disseny, la selecci\u00f3 i forma de presentaci\u00f3 dels materials inclosos en la mateixa, i els programes d\u2019ordinador necessaris par el seu funcionament, acc\u00e9s i utilitzaci\u00f3, o, en qualsevol cas disposar de la corresponent autoritzaci\u00f3 de dits elements. El contingut de <strong>www.solernaharro.com<\/strong> no podr\u00e0 ser reprodu\u00eft ni en tot ni en part, ni transm\u00e8s, ni registrat per cap sistema de recuperaci\u00f3 d\u2019informaci\u00f3, en cap forma ni en cap mitj\u00e0, almenys que es compti amb l\u2019autoritzaci\u00f3 pr\u00e8via, per escrit, de la Sra. Luisa Naharro Carrasco. Aix\u00ed mateix, queda prohibit suprimir, eludir o manipular el \u201ccopyright\u201d i dem\u00e9s dades identificatives dels drets de <strong>www.solernaharro.com<\/strong>, aix\u00ed com els dispositius t\u00e8cnics de protecci\u00f3, o qualsevol mecanisme d\u2019informaci\u00f3 que hi pugui haver en els continguts de la p\u00e0gina web.[\/vc_column_text][vc_empty_space height=&#8221;20px&#8221;][vc_empty_space height=&#8221;20px&#8221;][vc_empty_space height=&#8221;20px&#8221;][\/vc_column][\/vc_row]<\/p>\n","protected":false},"excerpt":{"rendered":"<p>[vc_row css_animation=&#8221;&#8221; row_type=&#8221;row&#8221; use_row_as_full_screen_section=&#8221;no&#8221; type=&#8221;grid&#8221; angled_section=&#8221;no&#8221; text_align=&#8221;left&#8221; background_image_as_pattern=&#8221;without_pattern&#8221; z_index=&#8221;&#8221; background_color=&#8221;#000000&#8243; padding_top=&#8221;0&#8243; padding_bottom=&#8221;0&#8243;][vc_column offset=&#8221;vc_hidden-sm vc_hidden-xs&#8221;][vc_empty_space height=&#8221;20px&#8221; css=&#8221;.vc_custom_1612886833805{margin-top: 0px !important;margin-right: 0px !important;margin-bottom: 0px !important;margin-left: 0px !important;padding-top: 0px !important;padding-right: 0px !important;padding-bottom: 0px !important;padding-left: 0px !important;}&#8221;][vc_raw_html]JTNDaDElMjBjbGFzcyUzRCUyMnRpdHVsb3NlcnZpY2lvJTIyJTNFQXYlQzMlQURzJTIwTGVnYWwlM0MlMkZoMSUzRQ==[\/vc_raw_html][vc_empty_space height=&#8221;20px&#8221; css=&#8221;.vc_custom_1612886833805{margin-top: 0px !important;margin-right: 0px !important;margin-bottom: 0px !important;margin-left: 0px !important;padding-top: 0px !important;padding-right: 0px<\/p>\n","protected":false},"author":1,"featured_media":0,"parent":0,"menu_order":0,"comment_status":"closed","ping_status":"closed","template":"full_width.php","meta":{"footnotes":""},"class_list":["post-1132","page","type-page","status-publish","hentry"],"yoast_head":"<!-- This site is optimized with the Yoast SEO plugin v25.7 - https:\/\/yoast.com\/wordpress\/plugins\/seo\/ -->\n<title>Av\u00eds Legal - Soler Naharro<\/title>\n<meta name=\"robots\" content=\"index, follow, max-snippet:-1, max-image-preview:large, max-video-preview:-1\" \/>\n<link rel=\"canonical\" href=\"https:\/\/solernaharro.com\/ca\/aviso-legal\/\" \/>\n<meta property=\"og:locale\" content=\"ca_ES\" \/>\n<meta property=\"og:type\" content=\"article\" \/>\n<meta property=\"og:title\" content=\"Av\u00eds Legal - Soler Naharro\" \/>\n<meta property=\"og:description\" content=\"[vc_row css_animation=&#8221;&#8221; row_type=&#8221;row&#8221; use_row_as_full_screen_section=&#8221;no&#8221; type=&#8221;grid&#8221; angled_section=&#8221;no&#8221; text_align=&#8221;left&#8221; background_image_as_pattern=&#8221;without_pattern&#8221; z_index=&#8221;&#8221; background_color=&#8221;#000000&#8243; padding_top=&#8221;0&#8243; padding_bottom=&#8221;0&#8243;][vc_column offset=&#8221;vc_hidden-sm vc_hidden-xs&#8221;][vc_empty_space height=&#8221;20px&#8221; css=&#8221;.vc_custom_1612886833805{margin-top: 0px !important;margin-right: 0px !important;margin-bottom: 0px !important;margin-left: 0px !important;padding-top: 0px !important;padding-right: 0px !important;padding-bottom: 0px !important;padding-left: 0px !important;}&#8221;][vc_raw_html]JTNDaDElMjBjbGFzcyUzRCUyMnRpdHVsb3NlcnZpY2lvJTIyJTNFQXYlQzMlQURzJTIwTGVnYWwlM0MlMkZoMSUzRQ==[\/vc_raw_html][vc_empty_space height=&#8221;20px&#8221; css=&#8221;.vc_custom_1612886833805{margin-top: 0px !important;margin-right: 0px !important;margin-bottom: 0px !important;margin-left: 0px !important;padding-top: 0px !important;padding-right: 0px\" \/>\n<meta property=\"og:url\" content=\"https:\/\/solernaharro.com\/aviso-legal\/\" \/>\n<meta property=\"og:site_name\" content=\"Soler Naharro\" \/>\n<meta property=\"article:modified_time\" content=\"2021-09-02T11:53:50+00:00\" \/>\n<meta name=\"twitter:card\" content=\"summary_large_image\" \/>\n<meta name=\"twitter:label1\" content=\"Temps estimat de lectura\" \/>\n\t<meta name=\"twitter:data1\" content=\"5 minuts\" \/>\n<script type=\"application\/ld+json\" class=\"yoast-schema-graph\">{\"@context\":\"https:\/\/schema.org\",\"@graph\":[{\"@type\":\"WebPage\",\"@id\":\"https:\/\/solernaharro.com\/aviso-legal\/\",\"url\":\"https:\/\/solernaharro.com\/aviso-legal\/\",\"name\":\"Av\u00eds Legal - Soler Naharro\",\"isPartOf\":{\"@id\":\"https:\/\/solernaharro.com\/#website\"},\"datePublished\":\"2021-09-02T11:49:46+00:00\",\"dateModified\":\"2021-09-02T11:53:50+00:00\",\"breadcrumb\":{\"@id\":\"https:\/\/solernaharro.com\/aviso-legal\/#breadcrumb\"},\"inLanguage\":\"ca\",\"potentialAction\":[{\"@type\":\"ReadAction\",\"target\":[\"https:\/\/solernaharro.com\/aviso-legal\/\"]}]},{\"@type\":\"BreadcrumbList\",\"@id\":\"https:\/\/solernaharro.com\/aviso-legal\/#breadcrumb\",\"itemListElement\":[{\"@type\":\"ListItem\",\"position\":1,\"name\":\"Portada\",\"item\":\"https:\/\/solernaharro.com\/ca\/\"},{\"@type\":\"ListItem\",\"position\":2,\"name\":\"Av\u00eds Legal\"}]},{\"@type\":\"WebSite\",\"@id\":\"https:\/\/solernaharro.com\/#website\",\"url\":\"https:\/\/solernaharro.com\/\",\"name\":\"Soler Naharro\",\"description\":\"Abogados en Barcelona expertos en accidentes de tr\u00e1fico y negligencias m\u00e9dicas\",\"potentialAction\":[{\"@type\":\"SearchAction\",\"target\":{\"@type\":\"EntryPoint\",\"urlTemplate\":\"https:\/\/solernaharro.com\/?s={search_term_string}\"},\"query-input\":{\"@type\":\"PropertyValueSpecification\",\"valueRequired\":true,\"valueName\":\"search_term_string\"}}],\"inLanguage\":\"ca\"}]}<\/script>\n<!-- \/ Yoast SEO plugin. -->","yoast_head_json":{"title":"Av\u00eds Legal - Soler Naharro","robots":{"index":"index","follow":"follow","max-snippet":"max-snippet:-1","max-image-preview":"max-image-preview:large","max-video-preview":"max-video-preview:-1"},"canonical":"https:\/\/solernaharro.com\/ca\/aviso-legal\/","og_locale":"ca_ES","og_type":"article","og_title":"Av\u00eds Legal - Soler Naharro","og_description":"[vc_row css_animation=&#8221;&#8221; row_type=&#8221;row&#8221; use_row_as_full_screen_section=&#8221;no&#8221; type=&#8221;grid&#8221; angled_section=&#8221;no&#8221; text_align=&#8221;left&#8221; background_image_as_pattern=&#8221;without_pattern&#8221; z_index=&#8221;&#8221; background_color=&#8221;#000000&#8243; padding_top=&#8221;0&#8243; padding_bottom=&#8221;0&#8243;][vc_column offset=&#8221;vc_hidden-sm vc_hidden-xs&#8221;][vc_empty_space height=&#8221;20px&#8221; css=&#8221;.vc_custom_1612886833805{margin-top: 0px !important;margin-right: 0px !important;margin-bottom: 0px !important;margin-left: 0px !important;padding-top: 0px !important;padding-right: 0px !important;padding-bottom: 0px !important;padding-left: 0px !important;}&#8221;][vc_raw_html]JTNDaDElMjBjbGFzcyUzRCUyMnRpdHVsb3NlcnZpY2lvJTIyJTNFQXYlQzMlQURzJTIwTGVnYWwlM0MlMkZoMSUzRQ==[\/vc_raw_html][vc_empty_space height=&#8221;20px&#8221; css=&#8221;.vc_custom_1612886833805{margin-top: 0px !important;margin-right: 0px !important;margin-bottom: 0px !important;margin-left: 0px !important;padding-top: 0px !important;padding-right: 0px","og_url":"https:\/\/solernaharro.com\/aviso-legal\/","og_site_name":"Soler Naharro","article_modified_time":"2021-09-02T11:53:50+00:00","twitter_card":"summary_large_image","twitter_misc":{"Temps estimat de lectura":"5 minuts"},"schema":{"@context":"https:\/\/schema.org","@graph":[{"@type":"WebPage","@id":"https:\/\/solernaharro.com\/aviso-legal\/","url":"https:\/\/solernaharro.com\/aviso-legal\/","name":"Av\u00eds Legal - Soler Naharro","isPartOf":{"@id":"https:\/\/solernaharro.com\/#website"},"datePublished":"2021-09-02T11:49:46+00:00","dateModified":"2021-09-02T11:53:50+00:00","breadcrumb":{"@id":"https:\/\/solernaharro.com\/aviso-legal\/#breadcrumb"},"inLanguage":"ca","potentialAction":[{"@type":"ReadAction","target":["https:\/\/solernaharro.com\/aviso-legal\/"]}]},{"@type":"BreadcrumbList","@id":"https:\/\/solernaharro.com\/aviso-legal\/#breadcrumb","itemListElement":[{"@type":"ListItem","position":1,"name":"Portada","item":"https:\/\/solernaharro.com\/ca\/"},{"@type":"ListItem","position":2,"name":"Av\u00eds Legal"}]},{"@type":"WebSite","@id":"https:\/\/solernaharro.com\/#website","url":"https:\/\/solernaharro.com\/","name":"Soler Naharro","description":"Abogados en Barcelona expertos en accidentes de tr\u00e1fico y negligencias m\u00e9dicas","potentialAction":[{"@type":"SearchAction","target":{"@type":"EntryPoint","urlTemplate":"https:\/\/solernaharro.com\/?s={search_term_string}"},"query-input":{"@type":"PropertyValueSpecification","valueRequired":true,"valueName":"search_term_string"}}],"inLanguage":"ca"}]}},"_links":{"self":[{"href":"https:\/\/solernaharro.com\/ca\/wp-json\/wp\/v2\/pages\/1132","targetHints":{"allow":["GET"]}}],"collection":[{"href":"https:\/\/solernaharro.com\/ca\/wp-json\/wp\/v2\/pages"}],"about":[{"href":"https:\/\/solernaharro.com\/ca\/wp-json\/wp\/v2\/types\/page"}],"author":[{"embeddable":true,"href":"https:\/\/solernaharro.com\/ca\/wp-json\/wp\/v2\/users\/1"}],"replies":[{"embeddable":true,"href":"https:\/\/solernaharro.com\/ca\/wp-json\/wp\/v2\/comments?post=1132"}],"version-history":[{"count":5,"href":"https:\/\/solernaharro.com\/ca\/wp-json\/wp\/v2\/pages\/1132\/revisions"}],"predecessor-version":[{"id":1139,"href":"https:\/\/solernaharro.com\/ca\/wp-json\/wp\/v2\/pages\/1132\/revisions\/1139"}],"wp:attachment":[{"href":"https:\/\/solernaharro.com\/ca\/wp-json\/wp\/v2\/media?parent=1132"}],"curies":[{"name":"wp","href":"https:\/\/api.w.org\/{rel}","templated":true}]}}